{"id":12230,"date":"2025-06-30T13:55:35","date_gmt":"2025-06-30T13:55:35","guid":{"rendered":"https:\/\/coupongrizzly.com\/de\/?page_id=12230"},"modified":"2025-06-30T13:56:29","modified_gmt":"2025-06-30T13:56:29","slug":"politik","status":"publish","type":"page","link":"https:\/\/coupongrizzly.com\/de\/politik\/","title":{"rendered":"GDPR Politik"},"content":{"rendered":"<p><strong>Erhebung von Informationen:<\/strong><\/p>\n<p>Wir erheben, verarbeiten und nutzen Ihre Daten, wenn Sie:<\/p>\n<ul>\n<li>Sie registrieren sich f\u00fcr unsere Dienste.<\/li>\n<li>Interagieren mit unseren Diensten.<\/li>\n<li>Verbinden Sie sich mit unseren Diensten \u00fcber Dritte, einschlie\u00dflich Social-Media-Konten, E-Mail-Konten und Gesch\u00e4ftspartner (siehe Abschnitt 3 unten).<\/li>\n<li>Kontaktieren Sie uns, wenn Sie Hilfe ben\u00f6tigen.<\/li>\n<\/ul>\n<p>Wir erfassen bestimmte Informationen, wenn Sie mit unseren Online-Diensten interagieren. Dar\u00fcber hinaus erfassen wir automatisch Informationen \u00fcber Sie und Ihre Nutzung der Dienste durch Protokollierungsverfahren, Cookies, Standortidentifizierungstechnologien und andere Tracking-Technologien. Einige Ihrer Informationen werden auch von Dritten erfasst, beispielsweise wenn Sie sich \u00fcber einen Drittanbieterdienst oder die Website eines Gesch\u00e4ftspartners verbinden oder wenn Informationen von H\u00e4ndlern und Gesch\u00e4ftspartnern weitergegeben werden, mit denen Sie ebenfalls interagiert haben.<\/p>\n<p><strong>Arten der von uns erhobenen Informationen<\/strong><\/p>\n<p>Zu den von uns \u00fcber Sie erhobenen Daten geh\u00f6ren unter anderem die folgenden:<\/p>\n<ul>\n<li>Identifikationsdaten, die Sie uns direkt zur Verf\u00fcgung stellen, wie Vor- und Nachname, Postanschrift, E-Mail-Adresse,<\/li>\n<li>Steuerinformationen (f\u00fcr Gewinner von Gewinnspielen, Wettbewerben und Werbeaktionen) und\/oder Telefonnummer.<\/li>\n<li>Identifikationsdaten, die w\u00e4hrend Ihrer Nutzung der Dienste erfasst werden, wie z. B. eindeutige Online- oder Ger\u00e4tekennungen, IP-Adresse, Ger\u00e4te- oder Sitzungskennungen sowie Informationen zu Ihrer Systemkonfiguration (Betriebssystem und -version), Ihrem Netzwerk und der angeschlossenen Hardware (z. B. Computer, Mobilger\u00e4t usw., Mobilfunkanbieter) und Softwareanwendungen (z. B. andere auf Ihrem Mobilger\u00e4t installierte Anwendungen).<\/li>\n<li>Gespeicherte Kundendaten, wie Name und Nummer Ihres Zahlungskontos, Ablaufdatum Ihrer Zahlungskarte und Rechnungsadresse.<\/li>\n<li>Gesch\u00fctzte Klassifizierungsmerkmale, wie Ihr Geschlecht, Alter, Haushaltseinkommen, Familienstand oder eine andere gesch\u00fctzte Klassifizierung nach kalifornischem Recht, nur insoweit, als Sie uns diese Informationen als demografische Informationen in einer Umfrageantwort zur Verf\u00fcgung stellen, die Sie identifiziert.<\/li>\n<li>Kommerzielle Informationen \u00fcber Sie, wie z. B. Aufzeichnungen \u00fcber Produkte, Produktarten, H\u00e4ndler, H\u00e4ndlerarten, Waren oder Dienstleistungen, die Sie gekauft, erhalten oder in Betracht gezogen haben, einschlie\u00dflich Produkte, H\u00e4ndler und Gutscheine, nach denen Sie gesucht, die Sie angesehen oder angeklickt, die Sie zu Artikeln in Ihrem Warenkorb hinzugef\u00fcgt, bei H\u00e4ndlern get\u00e4tigte K\u00e4ufe, H\u00e4ndlerseiten, die Sie \u00fcber unsere Dienste besucht haben, Transaktionsverlauf im Zusammenhang mit unseren Diensten, Kaufbest\u00e4tigungsinformationen, von Ihnen erhaltenes Cashback, American Express-Mitgliedspunkte und andere Treueprogramme.<br \/>\nInternet- und andere Netzwerkaktivit\u00e4ten, wie z. B. Ihr Browser- und Suchverlauf und Ihre Interaktionen mit unseren Websites und Diensten, einschlie\u00dflich:<\/li>\n<li>Produkte, Gutscheine, Angebote oder H\u00e4ndler, nach denen Sie suchen, die Sie anklicken, mit Lesezeichen versehen und\/oder die Sie ansehen, einschlie\u00dflich Klicks auf von Ihnen besuchten H\u00e4ndlerseiten.<\/li>\n<li>Zeitstempel im Zusammenhang mit diesen Navigationen, Suchvorg\u00e4ngen und Klicks;<\/li>\n<li>Clickstream-Daten, d. h. die seitenweisen Klicks, die Sie beim Navigieren in unseren Diensten t\u00e4tigen, einschlie\u00dflich der Webseite, die Sie vor dem Besuch unserer Website besucht haben;<\/li>\n<li>Lokale Pr\u00e4ferenzen f\u00fcr Ihre Nutzung der Dienste. Sensorische Daten, wie z. B. Audioaufnahmen Ihrer Stimme bei Anrufen bei unseren Mitgliederservice-Mitarbeitern, soweit gesetzlich zul\u00e4ssig;<\/li>\n<li>Anmeldeinformationen zum Mitgliedskonto, einschlie\u00dflich Benutzername und Passwort; und<\/li>\n<li>R\u00fcckschl\u00fcsse auf Sie und Ihre wahrscheinlichen Vorlieben, Eigenschaften, Verhaltensweisen und Einstellungen auf Grundlage aller von uns \u00fcber Sie erhobenen Informationen, mit Ausnahme \u201esensibler\u201c Daten.<\/li>\n<\/ul>\n<p>In einigen Rechtsr\u00e4umen k\u00f6nnen bestimmte Arten von Informationen, die wir erfassen, als \u201esensible\u201c personenbezogene Daten betrachtet werden, darunter:<\/p>\n<ul>\n<li>Demografische Informationen wie Geschlecht, Alter, Haushaltseinkommen oder Familienstand, nur in dem Umfang, in dem Sie uns diese Informationen in einer Umfrageantwort als demografische Informationen zur Verf\u00fcgung stellen, die Sie identifizieren k\u00f6nnten.<\/li>\n<li>Genaue Geolokalisierungsdaten, wenn Sie Ihr Ger\u00e4t so konfiguriert haben, dass diese Informationen mit uns geteilt werden.<\/li>\n<\/ul>\n<p>Bitte beachten Sie, dass wir diese sensiblen Daten ausschlie\u00dflich zur Bereitstellung unserer Dienste verwenden und diese nicht erheben, verwenden oder weitergeben, um R\u00fcckschl\u00fcsse auf Ihre pers\u00f6nlichen Daten zu ziehen. Wir \u201everkaufen\u201c oder \u201eteilen\u201c keine sensiblen personenbezogenen Daten und nutzen sie auch nicht f\u00fcr \u201ezielgerichtete Werbung\u201c im Sinne des US-Datenschutzrechts.<\/p>\n<p><strong>Verwendung der von uns erhobenen Daten<\/strong><\/p>\n<p>Wir verwenden die \u00fcber Sie erhobenen Daten f\u00fcr folgende Gesch\u00e4ftszwecke:<\/p>\n<p><strong>Zur Bereitstellung unserer Dienste und zur Verwaltung Ihres Kontos, einschlie\u00dflich:<\/strong><\/p>\n<ul>\n<li>Bearbeitung Ihrer Registrierung f\u00fcr unsere Dienste, einschlie\u00dflich der \u00dcberpr\u00fcfung, ob Ihre E-Mail-Adresse aktiv und g\u00fcltig ist, und Ihrer Anmeldung zu unseren Programmen.<\/li>\n<li>Verwaltung Ihres Kontos und Ihrer Interaktionspr\u00e4ferenzen, einschlie\u00dflich der Verfolgung Ihrer bevorzugten Gesch\u00e4fte, H\u00e4ndler und Standorte sowie Ihres Transaktionsverlaufs.<\/li>\n<li>Senden von technischen Hinweisen, Updates, Sicherheitswarnungen und administrativen Nachrichten.<\/li>\n<li>Bereitstellung von Diensten und Support f\u00fcr Mitglieder im Zusammenhang mit Ihrem Konto und Beantwortung ihrer Fragen, Kommentare und Anfragen.<\/li>\n<\/ul>\n<p><strong>Personalisierung und Verbesserung unserer Dienste<\/strong><\/p>\n<p>Wir k\u00f6nnen die \u00fcber Sie erhobenen Daten nutzen, um ein Profil Ihrer Pr\u00e4ferenzen zu erstellen und die Inhalte der Dienste so anzupassen und zu personalisieren, dass sie f\u00fcr Sie von gr\u00f6\u00dferem Interesse sind. Beispielsweise k\u00f6nnen wir Ihre am h\u00e4ufigsten besuchten Gesch\u00e4fte oder Ihren Bestellverlauf nutzen, um Ihnen Angebote \u00e4hnlicher Gesch\u00e4fte in relevanten Bereichen der Dienste anzuzeigen oder Ihnen interessante Sonderangebote in unseren Diensten, auch im Gesch\u00e4ft, zu pr\u00e4sentieren.<\/p>\n<p>Wir k\u00f6nnen die \u00fcber Sie erhobenen Daten auch nutzen, um Nutzungstrends zu erkennen und statistische Analysen durchzuf\u00fchren, um unsere Dienste, Websites, Anwendungen, Marketingma\u00dfnahmen sowie die von uns empfohlenen oder angebotenen Produkte und Dienstleistungen unserer Gesch\u00e4ftspartner zu verbessern und Ihnen so k\u00fcnftig einen besseren Service bieten zu k\u00f6nnen.<\/p>\n<p><strong>Bereitstellung von Marketinginformationen<\/strong><\/p>\n<p>Das Unternehmen kann die \u00fcber Sie erhobenen Daten nutzen, um Ihnen personalisiertere Angebote, Sonderangebote, Rabatte und\/oder relevantere Angebote unserer teilnehmenden H\u00e4ndler per E-Mail und anderen direkten Kommunikationsmitteln sowie \u00fcber digitale Werbung zukommen zu lassen. Wir k\u00f6nnen Ihre Daten verwenden, um Ihnen direkt Newsletter, Pr\u00e4mienangebote, Rabatte, Aktionscodes, Veranstaltungen und allgemeine Informationen zu den Diensten zu senden.<\/p>\n<p><strong>Sch\u00fctzen Sie sich selbst, andere und unser Unternehmen.<\/strong><\/p>\n<p>Wir k\u00f6nnen die von uns erhobenen Daten verwenden, um Risiken zu bewerten, Betrug, Spam und andere sch\u00e4dliche Online-Aktivit\u00e4ten in unseren Diensten zu untersuchen und einzud\u00e4mmen sowie unsere Sicherheitsma\u00dfnahmen zu verbessern. Wir k\u00f6nnen die erhobenen Daten auch verwenden, um unsere gesetzlichen Rechte durchzusetzen oder gegen\u00fcber Dritten zu verteidigen.<\/p>\n<p><strong>Einhaltung geltender Gesetze<\/strong><\/p>\n<p>Wir k\u00f6nnen die \u00fcber Sie erhobenen Daten verwenden, um geltende Gesetze, Vorschriften, Regelungen und rechtliche Vorgaben in allen Regionen, in denen wir t\u00e4tig sind, einzuhalten.<\/p>\n<p><strong>Ihre Datenschutzrechte<\/strong><\/p>\n<p>Vorbehaltlich bestimmter Ausnahmen haben Sie nach geltendem Recht bestimmte Rechte in Bezug auf Ihre personenbezogenen Daten.<\/p>\n<p><strong>Recht auf Auskunft und Zugriff<\/strong><\/p>\n<p>Sie haben das Recht, Zugriff auf die personenbezogenen Daten zu verlangen, die wir \u00fcber Sie erhoben, verwendet, f\u00fcr kommerzielle Zwecke offengelegt und f\u00fcr kontext\u00fcbergreifende oder gezielte Werbezwecke verkauft oder weitergegeben haben. Dies umfasst die Verwendungszwecke, die Kategorien von Quellen, aus denen wir Ihre Daten bezogen haben, und die Kategorien von Dritten, an die wir Ihre Daten weitergegeben haben. Sie haben au\u00dferdem das Recht, Zugriff auf die spezifischen personenbezogenen Daten zu verlangen, die wir \u00fcber Sie erhoben haben (und eine Kopie davon zu erhalten). (Bitte beachten Sie, dass wir im Zusammenhang mit dieser Art von Anfragen keine sensiblen personenbezogenen Daten weitergeben.)<\/p>\n<p><strong>Recht auf L\u00f6schung<\/strong><\/p>\n<p>Sie haben das Recht, die L\u00f6schung aller personenbezogenen Daten zu verlangen, die wir \u00fcber Sie erhoben oder gespeichert haben, vorbehaltlich bestimmter Ausnahmen. Wir werden Ihre personenbezogenen Daten nach einem solchen Antrag l\u00f6schen, es sei denn, wir stellen fest, dass wir die Daten f\u00fcr gesch\u00e4ftliche Zwecke ben\u00f6tigen und ein gesetzliches Recht zur Aufbewahrung haben. In diesem Fall werden wir Sie \u00fcber die gesetzliche Ausnahme informieren.<\/p>\n<p><strong>Recht auf Berichtigung<\/strong><\/p>\n<p>Vorbehaltlich bestimmter Ausnahmen haben Sie das Recht, von dem Unternehmen die Berichtigung unrichtiger oder unvollst\u00e4ndiger personenbezogener Daten zu verlangen, die wir von Ihnen erhoben oder \u00fcber Sie gespeichert haben.<\/p>\n<p><strong>Recht auf Nichtdiskriminierung<\/strong><\/p>\n<p>Wir werden Sie nicht diskriminieren, wenn Sie Ihre Rechte aus\u00fcben. Sofern nicht anderweitig gesetzlich zul\u00e4ssig, werden wir, wenn Sie die Auskunft, \u00dcberpr\u00fcfung, Berichtigung oder L\u00f6schung Ihrer Daten verlangen oder dem Verkauf oder der \u00dcbertragung widersprechen, Folgendes nicht tun:<\/p>\n<ul>\n<li>Verweigerung der Bereitstellung von Waren oder Dienstleistungen<\/li>\n<li>Verlangen Sie unterschiedliche Preise oder Tarife f\u00fcr Waren oder Dienstleistungen, einschlie\u00dflich der Gew\u00e4hrung von Rabatten oder anderen Vorteilen oder der Verh\u00e4ngung von Strafen.<\/li>\n<li>Angebot einer anderen Qualit\u00e4t von Waren oder Dienstleistungen oder Andeutung eines anderen Preises oder Tarifs f\u00fcr Waren oder Dienstleistungen.<\/li>\n<li>Ein anderes Niveau oder eine andere Qualit\u00e4t von Waren oder Dienstleistungen<\/li>\n<\/ul>\n<p><strong>Widerspruchsrecht<\/strong><\/p>\n<p>Je nach Bundesstaat Ihres Wohnsitzes haben Sie m\u00f6glicherweise das Recht, gegen unsere Entscheidung bez\u00fcglich Ihrer Datenschutzanfrage Widerspruch einzulegen. Sie k\u00f6nnen Widerspruch einlegen, indem Sie uns unter <a href=\"mailto:contact@coupongrizzly.com\">contact@coupongrizzly.com<\/a> kontaktieren. Wir werden gem\u00e4\u00df den geltenden Gesetzen Ihrer Region antworten.<\/p>\n<p><strong>Beauftragte<\/strong><\/p>\n<p>Nur Sie oder eine gesetzlich bevollm\u00e4chtigte Person k\u00f6nnen eine \u00fcberpr\u00fcfbare Anfrage bez\u00fcglich Ihrer personenbezogenen Daten stellen. Wir k\u00f6nnen jeden Beauftragten, der in Ihrem Namen eine Anfrage stellt, bitten, einen Nachweis zu erbringen, dass Sie ihn zur Anfrage in Ihrem Namen bevollm\u00e4chtigt haben. Wir k\u00f6nnen Sie bitten, Ihre Identit\u00e4t selbstst\u00e4ndig zu best\u00e4tigen oder sich selbst in Ihr Konto einzuloggen, um den Zugangscode einzugeben.<\/p>\n<p><strong>Sonstige Informationen<\/strong><\/p>\n<p>Nach kalifornischem Recht k\u00f6nnen Einwohner Kaliforniens spezifische Informationen dar\u00fcber anfordern, wie ihre Daten f\u00fcr Direktmarketingzwecke an Dritte weitergegeben werden d\u00fcrfen.<\/p>\n<p><strong>Informationen f\u00fcr Minderj\u00e4hrige<\/strong><\/p>\n<p>Diese Website und alle damit verbundenen Dienste richten sich an Erwachsene ab 18 Jahren. Wir erheben, verkaufen oder geben wissentlich keine personenbezogenen Daten von Verbrauchern unter 16 Jahren ohne deren ausdr\u00fcckliche oder nachweisbare Einwilligung der Eltern an Personen unter 13 Jahren weiter.<\/p>\n<p><strong>Informationssicherheit<\/strong><\/p>\n<p>Wir haben technische und organisatorische Ma\u00dfnahmen ergriffen, um ein dem Risiko angemessenes Sicherheitsniveau f\u00fcr die von uns verarbeiteten personenbezogenen Daten zu gew\u00e4hrleisten. Diese Ma\u00dfnahmen dienen der Gew\u00e4hrleistung der Integrit\u00e4t und Vertraulichkeit personenbezogener Daten. Wir \u00fcberpr\u00fcfen diese Ma\u00dfnahmen regelm\u00e4\u00dfig, um sicherzustellen, dass sie ein angemessenes Sicherheitsniveau gew\u00e4hrleisten.<\/p>\n<p><strong>\u00c4nderungen dieser Datenschutzerkl\u00e4rung<\/strong><\/p>\n<p>Diese Datenschutzerkl\u00e4rung tritt mit dem unten angegebenen Datum in Kraft. Wir behalten uns das Recht vor, diese Datenschutzerkl\u00e4rung von Zeit zu Zeit gem\u00e4\u00df den geltenden Datenschutzgesetzen und -grunds\u00e4tzen sowie unseren Praktiken im Umgang mit personenbezogenen Daten zu \u00e4ndern. Sollten wir \u00c4nderungen an dieser Datenschutzerkl\u00e4rung vornehmen, informieren wir Sie durch Aktualisierung des Datums dieser Datenschutzerkl\u00e4rung. Bei wesentlichen \u00c4nderungen benachrichtigen wir Sie zus\u00e4tzlich (z. B. durch eine Erkl\u00e4rung auf den Homepages unserer Dienste oder per E-Mail).<\/p>\n<p><strong>Kontakt<\/strong><\/p>\n<p>Bei Fragen zu dieser Datenschutzerkl\u00e4rung erreichen Sie uns unter <a href=\"mailto:contact@coupongrizzly.com\">contact@coupongrizzly.com<\/a>.<\/p>\n","protected":false},"excerpt":{"rendered":"<p>Erhebung von Informationen: Wir erheben, verarbeiten und nutzen Ihre Daten, wenn Sie: Sie registrieren sich f\u00fcr unsere Dienste. Interagieren mit unseren Diensten. Verbinden Sie sich mit unseren Diensten \u00fcber Dritte, einschlie\u00dflich Social-Media-Konten, E-Mail-Konten und Gesch\u00e4ftspartner (siehe Abschnitt 3 unten). Kontaktieren Sie uns, wenn Sie Hilfe ben\u00f6tigen. Wir erfassen bestimmte Informationen, wenn Sie mit unseren Online-Diensten [&hellip;]<\/p>\n","protected":false},"author":2,"featured_media":0,"parent":0,"menu_order":0,"comment_status":"closed","ping_status":"closed","template":"","meta":{"_acf_changed":false,"footnotes":""},"acf":[],"yoast_head":"<!-- This site is optimized with the Yoast SEO plugin v21.7 - https:\/\/yoast.com\/wordpress\/plugins\/seo\/ -->\n<title>GDPR Politik - Coupon Grizzly<\/title>\n<meta name=\"robots\" content=\"index, follow, max-snippet:-1, max-image-preview:large, max-video-preview:-1\" \/>\n<link rel=\"canonical\" href=\"https:\/\/coupongrizzly.com\/de\/politik\/\" \/>\n<meta property=\"og:locale\" content=\"en_US\" \/>\n<meta property=\"og:type\" content=\"article\" \/>\n<meta property=\"og:title\" content=\"GDPR Politik - Coupon Grizzly\" \/>\n<meta property=\"og:description\" content=\"Erhebung von Informationen: Wir erheben, verarbeiten und nutzen Ihre Daten, wenn Sie: Sie registrieren sich f\u00fcr unsere Dienste. Interagieren mit unseren Diensten. Verbinden Sie sich mit unseren Diensten \u00fcber Dritte, einschlie\u00dflich Social-Media-Konten, E-Mail-Konten und Gesch\u00e4ftspartner (siehe Abschnitt 3 unten). Kontaktieren Sie uns, wenn Sie Hilfe ben\u00f6tigen. Wir erfassen bestimmte Informationen, wenn Sie mit unseren Online-Diensten [&hellip;]\" \/>\n<meta property=\"og:url\" content=\"https:\/\/coupongrizzly.com\/de\/politik\/\" \/>\n<meta property=\"og:site_name\" content=\"Coupon Grizzly\" \/>\n<meta property=\"article:modified_time\" content=\"2025-06-30T13:56:29+00:00\" \/>\n<meta name=\"twitter:card\" content=\"summary_large_image\" \/>\n<meta name=\"twitter:label1\" content=\"Est. reading time\" \/>\n\t<meta name=\"twitter:data1\" content=\"7 minutes\" \/>\n<script type=\"application\/ld+json\" class=\"yoast-schema-graph\">{\"@context\":\"https:\/\/schema.org\",\"@graph\":[{\"@type\":\"WebPage\",\"@id\":\"https:\/\/coupongrizzly.com\/de\/politik\/\",\"url\":\"https:\/\/coupongrizzly.com\/de\/politik\/\",\"name\":\"GDPR Politik - Coupon Grizzly\",\"isPartOf\":{\"@id\":\"https:\/\/coupongrizzly.com\/de\/#website\"},\"datePublished\":\"2025-06-30T13:55:35+00:00\",\"dateModified\":\"2025-06-30T13:56:29+00:00\",\"breadcrumb\":{\"@id\":\"https:\/\/coupongrizzly.com\/de\/politik\/#breadcrumb\"},\"inLanguage\":\"en-US\",\"potentialAction\":[{\"@type\":\"ReadAction\",\"target\":[\"https:\/\/coupongrizzly.com\/de\/politik\/\"]}]},{\"@type\":\"BreadcrumbList\",\"@id\":\"https:\/\/coupongrizzly.com\/de\/politik\/#breadcrumb\",\"itemListElement\":[{\"@type\":\"ListItem\",\"position\":1,\"name\":\"Home\",\"item\":\"https:\/\/coupongrizzly.com\/de\/\"},{\"@type\":\"ListItem\",\"position\":2,\"name\":\"GDPR Politik\"}]},{\"@type\":\"WebSite\",\"@id\":\"https:\/\/coupongrizzly.com\/de\/#website\",\"url\":\"https:\/\/coupongrizzly.com\/de\/\",\"name\":\"Coupon Grizzly\",\"description\":\"\",\"potentialAction\":[{\"@type\":\"SearchAction\",\"target\":{\"@type\":\"EntryPoint\",\"urlTemplate\":\"https:\/\/coupongrizzly.com\/de\/?s={search_term_string}\"},\"query-input\":\"required name=search_term_string\"}],\"inLanguage\":\"en-US\"}]}<\/script>\n<!-- \/ Yoast SEO plugin. -->","yoast_head_json":{"title":"GDPR Politik - Coupon Grizzly","robots":{"index":"index","follow":"follow","max-snippet":"max-snippet:-1","max-image-preview":"max-image-preview:large","max-video-preview":"max-video-preview:-1"},"canonical":"https:\/\/coupongrizzly.com\/de\/politik\/","og_locale":"en_US","og_type":"article","og_title":"GDPR Politik - Coupon Grizzly","og_description":"Erhebung von Informationen: Wir erheben, verarbeiten und nutzen Ihre Daten, wenn Sie: Sie registrieren sich f\u00fcr unsere Dienste. Interagieren mit unseren Diensten. Verbinden Sie sich mit unseren Diensten \u00fcber Dritte, einschlie\u00dflich Social-Media-Konten, E-Mail-Konten und Gesch\u00e4ftspartner (siehe Abschnitt 3 unten). Kontaktieren Sie uns, wenn Sie Hilfe ben\u00f6tigen. Wir erfassen bestimmte Informationen, wenn Sie mit unseren Online-Diensten [&hellip;]","og_url":"https:\/\/coupongrizzly.com\/de\/politik\/","og_site_name":"Coupon Grizzly","article_modified_time":"2025-06-30T13:56:29+00:00","twitter_card":"summary_large_image","twitter_misc":{"Est. reading time":"7 minutes"},"schema":{"@context":"https:\/\/schema.org","@graph":[{"@type":"WebPage","@id":"https:\/\/coupongrizzly.com\/de\/politik\/","url":"https:\/\/coupongrizzly.com\/de\/politik\/","name":"GDPR Politik - Coupon Grizzly","isPartOf":{"@id":"https:\/\/coupongrizzly.com\/de\/#website"},"datePublished":"2025-06-30T13:55:35+00:00","dateModified":"2025-06-30T13:56:29+00:00","breadcrumb":{"@id":"https:\/\/coupongrizzly.com\/de\/politik\/#breadcrumb"},"inLanguage":"en-US","potentialAction":[{"@type":"ReadAction","target":["https:\/\/coupongrizzly.com\/de\/politik\/"]}]},{"@type":"BreadcrumbList","@id":"https:\/\/coupongrizzly.com\/de\/politik\/#breadcrumb","itemListElement":[{"@type":"ListItem","position":1,"name":"Home","item":"https:\/\/coupongrizzly.com\/de\/"},{"@type":"ListItem","position":2,"name":"GDPR Politik"}]},{"@type":"WebSite","@id":"https:\/\/coupongrizzly.com\/de\/#website","url":"https:\/\/coupongrizzly.com\/de\/","name":"Coupon Grizzly","description":"","potentialAction":[{"@type":"SearchAction","target":{"@type":"EntryPoint","urlTemplate":"https:\/\/coupongrizzly.com\/de\/?s={search_term_string}"},"query-input":"required name=search_term_string"}],"inLanguage":"en-US"}]}},"_links":{"self":[{"href":"https:\/\/coupongrizzly.com\/de\/wp-json\/wp\/v2\/pages\/12230"}],"collection":[{"href":"https:\/\/coupongrizzly.com\/de\/wp-json\/wp\/v2\/pages"}],"about":[{"href":"https:\/\/coupongrizzly.com\/de\/wp-json\/wp\/v2\/types\/page"}],"author":[{"embeddable":true,"href":"https:\/\/coupongrizzly.com\/de\/wp-json\/wp\/v2\/users\/2"}],"replies":[{"embeddable":true,"href":"https:\/\/coupongrizzly.com\/de\/wp-json\/wp\/v2\/comments?post=12230"}],"version-history":[{"count":2,"href":"https:\/\/coupongrizzly.com\/de\/wp-json\/wp\/v2\/pages\/12230\/revisions"}],"predecessor-version":[{"id":12233,"href":"https:\/\/coupongrizzly.com\/de\/wp-json\/wp\/v2\/pages\/12230\/revisions\/12233"}],"wp:attachment":[{"href":"https:\/\/coupongrizzly.com\/de\/wp-json\/wp\/v2\/media?parent=12230"}],"curies":[{"name":"wp","href":"https:\/\/api.w.org\/{rel}","templated":true}]}}