{"id":21,"date":"2022-12-01T09:46:48","date_gmt":"2022-12-01T09:46:48","guid":{"rendered":"https:\/\/coupongrizzly.com\/dk\/?page_id=21"},"modified":"2025-07-01T11:07:14","modified_gmt":"2025-07-01T11:07:14","slug":"om-os","status":"publish","type":"page","link":"https:\/\/coupongrizzly.com\/dk\/om-os\/","title":{"rendered":"Om os"},"content":{"rendered":"<p>Hos CouponGrizzly DK specialiserer vi os i at indsamle de bedste rabatkoder og tilbud til dig. Siden 2019 har vi dagligt gennems\u00f8gt internettet for at samle de nyeste rabatkoder og tilbud fra over 600 onlinebutikker. Vi tilbyder ogs\u00e5 eksklusive koder, som du ikke finder andre steder. Dette g\u00f8r online shopping ikke kun billigere, men ogs\u00e5 nemmere og sjovere!<\/p>\n<p><strong>S\u00e5dan hj\u00e6lper vi dig med at spare<\/strong><\/p>\n<p>CouponGrizzly DK teamet har \u00e9n mission: at hj\u00e6lpe dig med at spare p\u00e5 alle dine onlinek\u00f8b. Takket v\u00e6re vores samarbejde med forskellige onlineforhandlere &#8211; b\u00e5de store og sm\u00e5 &#8211; kan vi pr\u00e6sentere dig for de bedste rabatkoder og tilbud.<\/p>\n<p>Vores redakt\u00f8rer gennemg\u00e5r alle kuponer dagligt for at sikre, at vi kun tilbyder gyldige rabatkoder. Derudover tilbyder vi nyttige oplysninger om indl\u00f8sning af rabatkoder til hver onlinebutik, samt yderligere sparetips, s\u00e5som studierabatter eller henvisningsrabatter.<\/p>\n<p>Vi udvider l\u00f8bende vores onlinebutikstilbud, s\u00e5 du altid har et bredt udvalg af butikker, hvor du kan sikre dig rabatter. Fra mode og elektronik til boligtilbeh\u00f8r og sk\u00f8nhedsprodukter, er din yndlingsbutik helt sikkert der.<\/p>\n<p>I vores sektion med sparetips afsl\u00f8rer vi ogs\u00e5 smarte m\u00e5der at spare penge p\u00e5. Her finder du artikler om at spare penge i hverdagen, for eksempel n\u00e5r du booker ferier, bestiller dagligvarer og planl\u00e6gger udflugter.<\/p>\n<p><strong>Kvalitet frem for kvantitet<\/strong><\/p>\n<p>Vi offentligg\u00f8r ikke blot alle rabatkoder eller tilbud, vi st\u00f8der p\u00e5. Hver rabatkode gennemg\u00e5s manuelt, f\u00f8r den g\u00e5r live. Hvor det er n\u00f8dvendigt, tilf\u00f8jer vi vilk\u00e5r og betingelser, s\u00e5 du ved pr\u00e6cis, hvad du kan forvente, n\u00e5r du afgiver din ordre. Derudover kontrollerer vi regelm\u00e6ssigt rabatkoden og kontakter webshoppen, hvis der er problemer.<\/p>\n<p>Hvis du st\u00f8der p\u00e5 en fejlmeddelelse vedr\u00f8rende en rabatkode, bedes du kontakte os via kontaktformularen, s\u00e5 l\u00f8ser vi problemet hurtigst muligt.<\/p>\n<p><strong>S\u00e5dan tjener vi vores penge<\/strong><\/p>\n<p>Vi modtager ofte en lille provision fra onlinebutikker, n\u00e5r nogen k\u00f8ber via vores hjemmeside. Vores account management team forhandler konstant for at finde de bedste tilbud til vores bes\u00f8gende. Takket v\u00e6re dem har vi ofte eksklusive rabatkoder, der tilbyder yderligere fordele.<\/p>\n<p>Derudover tilbyder nogle brands muligheden for at annoncere p\u00e5 vores hjemmeside, hvilket er en anden indt\u00e6gtskilde.<\/p>\n<p>Vores bes\u00f8gende er i centrum for alt, hvad vi g\u00f8r. Vores m\u00e5l er altid at tilbyde dig de bedste rabatkoder og tilbud, uanset om vi tjener penge p\u00e5 dem eller ej.<\/p>\n","protected":false},"excerpt":{"rendered":"<p>Hos CouponGrizzly DK specialiserer vi os i at indsamle de bedste rabatkoder og tilbud til dig. Siden 2019 har vi dagligt gennems\u00f8gt internettet for at samle de nyeste rabatkoder og tilbud fra over 600 onlinebutikker. Vi tilbyder ogs\u00e5 eksklusive koder, som du ikke finder andre steder. Dette g\u00f8r online shopping ikke kun billigere, men ogs\u00e5 [&hellip;]<\/p>\n","protected":false},"author":2,"featured_media":0,"parent":0,"menu_order":4,"comment_status":"closed","ping_status":"closed","template":"","meta":{"footnotes":""},"acf":[],"yoast_head":"<!-- This site is optimized with the Yoast SEO plugin v21.7 - https:\/\/yoast.com\/wordpress\/plugins\/seo\/ -->\n<title>Om os - Coupon Grizzly<\/title>\n<meta name=\"robots\" content=\"index, follow, max-snippet:-1, max-image-preview:large, max-video-preview:-1\" \/>\n<link rel=\"canonical\" href=\"https:\/\/coupongrizzly.com\/dk\/om-os\/\" \/>\n<meta property=\"og:locale\" content=\"en_US\" \/>\n<meta property=\"og:type\" content=\"article\" \/>\n<meta property=\"og:title\" content=\"Om os - Coupon Grizzly\" \/>\n<meta property=\"og:description\" content=\"Hos CouponGrizzly DK specialiserer vi os i at indsamle de bedste rabatkoder og tilbud til dig. Siden 2019 har vi dagligt gennems\u00f8gt internettet for at samle de nyeste rabatkoder og tilbud fra over 600 onlinebutikker. Vi tilbyder ogs\u00e5 eksklusive koder, som du ikke finder andre steder. Dette g\u00f8r online shopping ikke kun billigere, men ogs\u00e5 [&hellip;]\" \/>\n<meta property=\"og:url\" content=\"https:\/\/coupongrizzly.com\/dk\/om-os\/\" \/>\n<meta property=\"og:site_name\" content=\"Coupon Grizzly\" \/>\n<meta property=\"article:modified_time\" content=\"2025-07-01T11:07:14+00:00\" \/>\n<meta name=\"twitter:card\" content=\"summary_large_image\" \/>\n<meta name=\"twitter:label1\" content=\"Est. reading time\" \/>\n\t<meta name=\"twitter:data1\" content=\"2 minutes\" \/>\n<script type=\"application\/ld+json\" class=\"yoast-schema-graph\">{\"@context\":\"https:\/\/schema.org\",\"@graph\":[{\"@type\":\"WebPage\",\"@id\":\"https:\/\/coupongrizzly.com\/dk\/om-os\/\",\"url\":\"https:\/\/coupongrizzly.com\/dk\/om-os\/\",\"name\":\"Om os - Coupon Grizzly\",\"isPartOf\":{\"@id\":\"https:\/\/coupongrizzly.com\/dk\/#website\"},\"datePublished\":\"2022-12-01T09:46:48+00:00\",\"dateModified\":\"2025-07-01T11:07:14+00:00\",\"breadcrumb\":{\"@id\":\"https:\/\/coupongrizzly.com\/dk\/om-os\/#breadcrumb\"},\"inLanguage\":\"en-US\",\"potentialAction\":[{\"@type\":\"ReadAction\",\"target\":[\"https:\/\/coupongrizzly.com\/dk\/om-os\/\"]}]},{\"@type\":\"BreadcrumbList\",\"@id\":\"https:\/\/coupongrizzly.com\/dk\/om-os\/#breadcrumb\",\"itemListElement\":[{\"@type\":\"ListItem\",\"position\":1,\"name\":\"Home\",\"item\":\"https:\/\/coupongrizzly.com\/dk\/\"},{\"@type\":\"ListItem\",\"position\":2,\"name\":\"Om os\"}]},{\"@type\":\"WebSite\",\"@id\":\"https:\/\/coupongrizzly.com\/dk\/#website\",\"url\":\"https:\/\/coupongrizzly.com\/dk\/\",\"name\":\"Coupon Grizzly\",\"description\":\"\",\"potentialAction\":[{\"@type\":\"SearchAction\",\"target\":{\"@type\":\"EntryPoint\",\"urlTemplate\":\"https:\/\/coupongrizzly.com\/dk\/?s={search_term_string}\"},\"query-input\":\"required name=search_term_string\"}],\"inLanguage\":\"en-US\"}]}<\/script>\n<!-- \/ Yoast SEO plugin. -->","yoast_head_json":{"title":"Om os - Coupon Grizzly","robots":{"index":"index","follow":"follow","max-snippet":"max-snippet:-1","max-image-preview":"max-image-preview:large","max-video-preview":"max-video-preview:-1"},"canonical":"https:\/\/coupongrizzly.com\/dk\/om-os\/","og_locale":"en_US","og_type":"article","og_title":"Om os - Coupon Grizzly","og_description":"Hos CouponGrizzly DK specialiserer vi os i at indsamle de bedste rabatkoder og tilbud til dig. Siden 2019 har vi dagligt gennems\u00f8gt internettet for at samle de nyeste rabatkoder og tilbud fra over 600 onlinebutikker. Vi tilbyder ogs\u00e5 eksklusive koder, som du ikke finder andre steder. Dette g\u00f8r online shopping ikke kun billigere, men ogs\u00e5 [&hellip;]","og_url":"https:\/\/coupongrizzly.com\/dk\/om-os\/","og_site_name":"Coupon Grizzly","article_modified_time":"2025-07-01T11:07:14+00:00","twitter_card":"summary_large_image","twitter_misc":{"Est. reading time":"2 minutes"},"schema":{"@context":"https:\/\/schema.org","@graph":[{"@type":"WebPage","@id":"https:\/\/coupongrizzly.com\/dk\/om-os\/","url":"https:\/\/coupongrizzly.com\/dk\/om-os\/","name":"Om os - Coupon Grizzly","isPartOf":{"@id":"https:\/\/coupongrizzly.com\/dk\/#website"},"datePublished":"2022-12-01T09:46:48+00:00","dateModified":"2025-07-01T11:07:14+00:00","breadcrumb":{"@id":"https:\/\/coupongrizzly.com\/dk\/om-os\/#breadcrumb"},"inLanguage":"en-US","potentialAction":[{"@type":"ReadAction","target":["https:\/\/coupongrizzly.com\/dk\/om-os\/"]}]},{"@type":"BreadcrumbList","@id":"https:\/\/coupongrizzly.com\/dk\/om-os\/#breadcrumb","itemListElement":[{"@type":"ListItem","position":1,"name":"Home","item":"https:\/\/coupongrizzly.com\/dk\/"},{"@type":"ListItem","position":2,"name":"Om os"}]},{"@type":"WebSite","@id":"https:\/\/coupongrizzly.com\/dk\/#website","url":"https:\/\/coupongrizzly.com\/dk\/","name":"Coupon Grizzly","description":"","potentialAction":[{"@type":"SearchAction","target":{"@type":"EntryPoint","urlTemplate":"https:\/\/coupongrizzly.com\/dk\/?s={search_term_string}"},"query-input":"required name=search_term_string"}],"inLanguage":"en-US"}]}},"_links":{"self":[{"href":"https:\/\/coupongrizzly.com\/dk\/wp-json\/wp\/v2\/pages\/21"}],"collection":[{"href":"https:\/\/coupongrizzly.com\/dk\/wp-json\/wp\/v2\/pages"}],"about":[{"href":"https:\/\/coupongrizzly.com\/dk\/wp-json\/wp\/v2\/types\/page"}],"author":[{"embeddable":true,"href":"https:\/\/coupongrizzly.com\/dk\/wp-json\/wp\/v2\/users\/2"}],"replies":[{"embeddable":true,"href":"https:\/\/coupongrizzly.com\/dk\/wp-json\/wp\/v2\/comments?post=21"}],"version-history":[{"count":4,"href":"https:\/\/coupongrizzly.com\/dk\/wp-json\/wp\/v2\/pages\/21\/revisions"}],"predecessor-version":[{"id":3965,"href":"https:\/\/coupongrizzly.com\/dk\/wp-json\/wp\/v2\/pages\/21\/revisions\/3965"}],"wp:attachment":[{"href":"https:\/\/coupongrizzly.com\/dk\/wp-json\/wp\/v2\/media?parent=21"}],"curies":[{"name":"wp","href":"https:\/\/api.w.org\/{rel}","templated":true}]}}