{"id":3970,"date":"2025-07-01T11:11:24","date_gmt":"2025-07-01T11:11:24","guid":{"rendered":"https:\/\/coupongrizzly.com\/dk\/?page_id=3970"},"modified":"2025-07-17T09:18:20","modified_gmt":"2025-07-17T09:18:20","slug":"aftryk1","status":"publish","type":"page","link":"https:\/\/coupongrizzly.com\/dk\/aftryk1\/","title":{"rendered":"Aftryk"},"content":{"rendered":"<h1><span style=\"font-size: 18pt;\"><strong>Disse sider blev udgivet af:<\/strong><\/span><\/h1>\n<p><strong>The Market Shop<\/strong><br \/>\n50, Esplanade<br \/>\n9227 Diekirch<br \/>\nLuxembourg<\/p>\n<p><strong>Registreringsnummer:<\/strong> B183644<\/p>\n<p><strong>Kontakt:<\/strong><br \/>\nTelefon: +35(2) 777 481<br \/>\nE-mail: contact@coupongrizzly.com<\/p>\n<p><strong>Vertreten duch:<\/strong><br \/>\nDaniel Schroeder<\/p>\n<p>Indholdet af webstedet fra <strong>The Market Shop<\/strong> blev med st\u00f8rre Sorgfalt sammensat og v\u00e6rksted. F\u00fcr die Vollst\u00e4ndigkeit und Richtigkeit der Inhalte wird jedoch keine Gew\u00e4hr \u00fcbernommen. Alle Angebote synd freibleibend und unverbindlich.<\/p>\n<p>Den Europ\u00e6iske Kommission er en platform for Online-Streitbeilegung (OS-Plattform) med:<br \/>\n<a href=\"http:\/\/ec.europa.eu\/consumers\/odr\">http:\/\/ec.europa.eu\/consumers\/odr<\/a><\/p>\n<p>Wir synd nicht bereit und nicht verpflichtet, en Streitbeilegungsverfahren vor einer Verbraucherschlichtungsstelle teilzunehmen.<\/p>\n","protected":false},"excerpt":{"rendered":"<p>Disse sider blev udgivet af: The Market Shop 50, Esplanade 9227 Diekirch Luxembourg Registreringsnummer: B183644 Kontakt: Telefon: +35(2) 777 481 E-mail: contact@coupongrizzly.com Vertreten duch: Daniel Schroeder Indholdet af webstedet fra The Market Shop blev med st\u00f8rre Sorgfalt sammensat og v\u00e6rksted. F\u00fcr die Vollst\u00e4ndigkeit und Richtigkeit der Inhalte wird jedoch keine Gew\u00e4hr \u00fcbernommen. Alle Angebote synd [&hellip;]<\/p>\n","protected":false},"author":2,"featured_media":0,"parent":0,"menu_order":2,"comment_status":"closed","ping_status":"closed","template":"","meta":{"footnotes":""},"acf":[],"yoast_head":"<!-- This site is optimized with the Yoast SEO plugin v21.7 - https:\/\/yoast.com\/wordpress\/plugins\/seo\/ -->\n<title>Aftryk - Coupon Grizzly<\/title>\n<meta name=\"robots\" content=\"index, follow, max-snippet:-1, max-image-preview:large, max-video-preview:-1\" \/>\n<link rel=\"canonical\" href=\"https:\/\/coupongrizzly.com\/dk\/aftryk1\/\" \/>\n<meta property=\"og:locale\" content=\"en_US\" \/>\n<meta property=\"og:type\" content=\"article\" \/>\n<meta property=\"og:title\" content=\"Aftryk - Coupon Grizzly\" \/>\n<meta property=\"og:description\" content=\"Disse sider blev udgivet af: The Market Shop 50, Esplanade 9227 Diekirch Luxembourg Registreringsnummer: B183644 Kontakt: Telefon: +35(2) 777 481 E-mail: contact@coupongrizzly.com Vertreten duch: Daniel Schroeder Indholdet af webstedet fra The Market Shop blev med st\u00f8rre Sorgfalt sammensat og v\u00e6rksted. F\u00fcr die Vollst\u00e4ndigkeit und Richtigkeit der Inhalte wird jedoch keine Gew\u00e4hr \u00fcbernommen. Alle Angebote synd [&hellip;]\" \/>\n<meta property=\"og:url\" content=\"https:\/\/coupongrizzly.com\/dk\/aftryk1\/\" \/>\n<meta property=\"og:site_name\" content=\"Coupon Grizzly\" \/>\n<meta property=\"article:modified_time\" content=\"2025-07-17T09:18:20+00:00\" \/>\n<meta name=\"twitter:card\" content=\"summary_large_image\" \/>\n<meta name=\"twitter:label1\" content=\"Est. reading time\" \/>\n\t<meta name=\"twitter:data1\" content=\"1 minute\" \/>\n<script type=\"application\/ld+json\" class=\"yoast-schema-graph\">{\"@context\":\"https:\/\/schema.org\",\"@graph\":[{\"@type\":\"WebPage\",\"@id\":\"https:\/\/coupongrizzly.com\/dk\/aftryk1\/\",\"url\":\"https:\/\/coupongrizzly.com\/dk\/aftryk1\/\",\"name\":\"Aftryk - Coupon Grizzly\",\"isPartOf\":{\"@id\":\"https:\/\/coupongrizzly.com\/dk\/#website\"},\"datePublished\":\"2025-07-01T11:11:24+00:00\",\"dateModified\":\"2025-07-17T09:18:20+00:00\",\"breadcrumb\":{\"@id\":\"https:\/\/coupongrizzly.com\/dk\/aftryk1\/#breadcrumb\"},\"inLanguage\":\"en-US\",\"potentialAction\":[{\"@type\":\"ReadAction\",\"target\":[\"https:\/\/coupongrizzly.com\/dk\/aftryk1\/\"]}]},{\"@type\":\"BreadcrumbList\",\"@id\":\"https:\/\/coupongrizzly.com\/dk\/aftryk1\/#breadcrumb\",\"itemListElement\":[{\"@type\":\"ListItem\",\"position\":1,\"name\":\"Home\",\"item\":\"https:\/\/coupongrizzly.com\/dk\/\"},{\"@type\":\"ListItem\",\"position\":2,\"name\":\"Aftryk\"}]},{\"@type\":\"WebSite\",\"@id\":\"https:\/\/coupongrizzly.com\/dk\/#website\",\"url\":\"https:\/\/coupongrizzly.com\/dk\/\",\"name\":\"Coupon Grizzly\",\"description\":\"\",\"potentialAction\":[{\"@type\":\"SearchAction\",\"target\":{\"@type\":\"EntryPoint\",\"urlTemplate\":\"https:\/\/coupongrizzly.com\/dk\/?s={search_term_string}\"},\"query-input\":\"required name=search_term_string\"}],\"inLanguage\":\"en-US\"}]}<\/script>\n<!-- \/ Yoast SEO plugin. -->","yoast_head_json":{"title":"Aftryk - Coupon Grizzly","robots":{"index":"index","follow":"follow","max-snippet":"max-snippet:-1","max-image-preview":"max-image-preview:large","max-video-preview":"max-video-preview:-1"},"canonical":"https:\/\/coupongrizzly.com\/dk\/aftryk1\/","og_locale":"en_US","og_type":"article","og_title":"Aftryk - Coupon Grizzly","og_description":"Disse sider blev udgivet af: The Market Shop 50, Esplanade 9227 Diekirch Luxembourg Registreringsnummer: B183644 Kontakt: Telefon: +35(2) 777 481 E-mail: contact@coupongrizzly.com Vertreten duch: Daniel Schroeder Indholdet af webstedet fra The Market Shop blev med st\u00f8rre Sorgfalt sammensat og v\u00e6rksted. F\u00fcr die Vollst\u00e4ndigkeit und Richtigkeit der Inhalte wird jedoch keine Gew\u00e4hr \u00fcbernommen. Alle Angebote synd [&hellip;]","og_url":"https:\/\/coupongrizzly.com\/dk\/aftryk1\/","og_site_name":"Coupon Grizzly","article_modified_time":"2025-07-17T09:18:20+00:00","twitter_card":"summary_large_image","twitter_misc":{"Est. reading time":"1 minute"},"schema":{"@context":"https:\/\/schema.org","@graph":[{"@type":"WebPage","@id":"https:\/\/coupongrizzly.com\/dk\/aftryk1\/","url":"https:\/\/coupongrizzly.com\/dk\/aftryk1\/","name":"Aftryk - Coupon Grizzly","isPartOf":{"@id":"https:\/\/coupongrizzly.com\/dk\/#website"},"datePublished":"2025-07-01T11:11:24+00:00","dateModified":"2025-07-17T09:18:20+00:00","breadcrumb":{"@id":"https:\/\/coupongrizzly.com\/dk\/aftryk1\/#breadcrumb"},"inLanguage":"en-US","potentialAction":[{"@type":"ReadAction","target":["https:\/\/coupongrizzly.com\/dk\/aftryk1\/"]}]},{"@type":"BreadcrumbList","@id":"https:\/\/coupongrizzly.com\/dk\/aftryk1\/#breadcrumb","itemListElement":[{"@type":"ListItem","position":1,"name":"Home","item":"https:\/\/coupongrizzly.com\/dk\/"},{"@type":"ListItem","position":2,"name":"Aftryk"}]},{"@type":"WebSite","@id":"https:\/\/coupongrizzly.com\/dk\/#website","url":"https:\/\/coupongrizzly.com\/dk\/","name":"Coupon Grizzly","description":"","potentialAction":[{"@type":"SearchAction","target":{"@type":"EntryPoint","urlTemplate":"https:\/\/coupongrizzly.com\/dk\/?s={search_term_string}"},"query-input":"required name=search_term_string"}],"inLanguage":"en-US"}]}},"_links":{"self":[{"href":"https:\/\/coupongrizzly.com\/dk\/wp-json\/wp\/v2\/pages\/3970"}],"collection":[{"href":"https:\/\/coupongrizzly.com\/dk\/wp-json\/wp\/v2\/pages"}],"about":[{"href":"https:\/\/coupongrizzly.com\/dk\/wp-json\/wp\/v2\/types\/page"}],"author":[{"embeddable":true,"href":"https:\/\/coupongrizzly.com\/dk\/wp-json\/wp\/v2\/users\/2"}],"replies":[{"embeddable":true,"href":"https:\/\/coupongrizzly.com\/dk\/wp-json\/wp\/v2\/comments?post=3970"}],"version-history":[{"count":3,"href":"https:\/\/coupongrizzly.com\/dk\/wp-json\/wp\/v2\/pages\/3970\/revisions"}],"predecessor-version":[{"id":3973,"href":"https:\/\/coupongrizzly.com\/dk\/wp-json\/wp\/v2\/pages\/3970\/revisions\/3973"}],"wp:attachment":[{"href":"https:\/\/coupongrizzly.com\/dk\/wp-json\/wp\/v2\/media?parent=3970"}],"curies":[{"name":"wp","href":"https:\/\/api.w.org\/{rel}","templated":true}]}}