{"id":3974,"date":"2025-07-01T11:59:03","date_gmt":"2025-07-01T11:59:03","guid":{"rendered":"https:\/\/coupongrizzly.com\/dk\/?page_id=3974"},"modified":"2025-07-01T11:59:31","modified_gmt":"2025-07-01T11:59:31","slug":"gdpr-politik","status":"publish","type":"page","link":"https:\/\/coupongrizzly.com\/dk\/gdpr-politik\/","title":{"rendered":"GDPR Politik"},"content":{"rendered":"<p><strong>Indsamling af oplysninger:<\/strong><\/p>\n<p>Vi indsamler, behandler og bruger dine data, n\u00e5r du:<\/p>\n<ul>\n<li>Du tilmelder dig vores tjenester.<\/li>\n<li>Interagerer med vores tjenester.<\/li>\n<li>Opretter forbindelse til vores tjenester via tredjeparter, herunder sociale mediekonti, e-mailkonti og forretningspartnere (se afsnit 3 nedenfor).<\/li>\n<li>Kontakt os, hvis du har brug for hj\u00e6lp.<\/li>\n<\/ul>\n<p>Vi indsamler visse oplysninger, n\u00e5r du interagerer med vores onlinetjenester. Vi indsamler ogs\u00e5 automatisk oplysninger om dig og din brug af tjenesterne via logf\u00f8ring, cookies, lokationsidentificerende teknologier og andre sporingsteknologier. Nogle af dine oplysninger indsamles ogs\u00e5 af tredjeparter, f.eks. n\u00e5r du opretter forbindelse via en tredjepartstjeneste eller en forretningspartners hjemmeside, eller n\u00e5r oplysninger deles af forhandlere og forretningspartnere, som du ogs\u00e5 har interageret med.<\/p>\n<p><strong>Typer af oplysninger, vi indsamler<\/strong><\/p>\n<p>De data, vi indsamler om dig, omfatter, men er ikke begr\u00e6nset til, f\u00f8lgende:<\/p>\n<ul>\n<li>Identifikationsdata, som du giver os direkte, s\u00e5som for- og efternavn, postadresse, e-mailadresse, skatteoplysninger (for vindere af konkurrencer og kampagner) og\/eller telefonnummer.<\/li>\n<li>Identifikationsdata indsamlet under din brug af Tjenesterne, s\u00e5som unikke online- eller enhedsidentifikatorer, IP-adresse, enheds- eller sessionsidentifikatorer og oplysninger om din systemkonfiguration (operativsystem og version), netv\u00e6rk og tilsluttet hardware (f.eks. computer, mobilenhed osv., tr\u00e5dl\u00f8s tjenesteudbyder) og softwareapplikationer (f.eks. andre applikationer installeret p\u00e5 din mobilenhed).<\/li>\n<li>Gemte kundedata, s\u00e5som dit betalingskontonavn og -nummer, udl\u00f8bsdato for betalingskort og faktureringsadresse.<\/li>\n<li>Beskyttede klassificeringsegenskaber, s\u00e5som dit k\u00f8n, alder, husstandsindkomst, civilstand eller enhver anden beskyttet klassificering i henhold til californisk lov, kun i det omfang du giver os disse oplysninger som demografiske oplysninger i et sp\u00f8rgeskemasvar, der identificerer dig.<\/li>\n<li>Kommercielle oplysninger om dig, s\u00e5som optegnelser over produkter, produkttyper, forhandlere, forhandlertyper, varer eller tjenester, du har k\u00f8bt, modtaget eller overvejet, herunder produkter, forhandlere og kuponer, du har s\u00f8gt efter, set eller klikket p\u00e5, f\u00f8jet til varer i din indk\u00f8bskurv, k\u00f8b foretaget fra forhandlere, forhandlersider, du har bes\u00f8gt via vores tjenester, transaktionshistorik relateret til vores tjenester, k\u00f8bsbekr\u00e6ftelsesoplysninger, cashback, du har modtaget, American Express-medlemspoint og andre k\u00f8b i loyalitetsprogrammer.<\/li>\n<li>Internet- og anden netv\u00e6rksaktivitet, s\u00e5som din browser- og s\u00f8gehistorik og dine interaktioner med vores websteder og tjenester, herunder:<\/li>\n<li>Produkter, kuponer, tilbud eller forhandlere, du s\u00f8ger efter, klikker p\u00e5, bogm\u00e6rker og\/eller ser, herunder klik p\u00e5 forhandlersider, du bes\u00f8ger.<\/li>\n<li>Tidsstempler forbundet med disse navigationer, s\u00f8gninger og klik;<\/li>\n<li>Clickstream-data, hvilket betyder de side-for-side-klik, du foretager, n\u00e5r du navigerer i vores tjenester, herunder den webside, du bes\u00f8gte, f\u00f8r du bes\u00f8gte vores websted;<\/li>\n<li>Lokale pr\u00e6ferencer for din brug af tjenesterne. Sensoriske data, s\u00e5som lydoptagelser af din stemme, n\u00e5r du ringer til vores medlemsservicerepr\u00e6sentanter, hvor det er tilladt ved lov;<\/li>\n<li>Loginoplysninger til medlemskonto, herunder brugernavn og adgangskode; og<\/li>\n<li>Konklusioner om dig og dine sandsynlige pr\u00e6ferencer, karakteristika, adf\u00e6rd og holdninger baseret p\u00e5 oplysninger, vi indsamler om dig, bortset fra &#8220;f\u00f8lsomme&#8221; data.<\/li>\n<\/ul>\n<p>I nogle jurisdiktioner kan visse typer af oplysninger, vi indsamler, betragtes som &#8220;f\u00f8lsomme&#8221; personoplysninger, herunder:<\/p>\n<ul>\n<li>Demografiske oplysninger s\u00e5som k\u00f8n, alder, husstandsindkomst eller civilstand, kun i det omfang du giver os disse oplysninger i et sp\u00f8rgeskema som demografiske oplysninger, der kan identificere dig.<\/li>\n<li>Pr\u00e6cise geoplaceringsdata, hvis du har konfigureret din enhed til at dele disse oplysninger med os.<\/li>\n<\/ul>\n<p>Bem\u00e6rk venligst, at vi udelukkende bruger disse f\u00f8lsomme data til at levere vores tjenester, og vi indsamler, bruger eller deler dem ikke til at identificere dig som personligt identificerbar. Vi &#8220;s\u00e6lger&#8221; eller &#8220;deler&#8221; ikke f\u00f8lsomme personoplysninger, og vi bruger dem heller ikke til &#8220;m\u00e5lrettet annoncering&#8221; som defineret i amerikansk privatlivslovgivning.<\/p>\n<p><strong>Brug af de data, vi indsamler<\/strong><\/p>\n<p>Vi bruger de oplysninger, vi indsamler om dig, til f\u00f8lgende forretningsform\u00e5l:<\/p>\n<p><strong>At levere vores tjenester og administrere din konto, herunder:<\/strong><\/p>\n<ul>\n<li>Behandling af din registrering til vores tjenester, herunder verificering af, at din e-mailadresse er aktiv og gyldig, og tilmelding af dig til vores programmer.<\/li>\n<li>Administration af din konto og interaktionspr\u00e6ferencer, herunder sporing af dine foretrukne butikker, forhandlere og lokationer samt din transaktionshistorik.<\/li>\n<li>Afsendelse af tekniske meddelelser, opdateringer, sikkerhedsadvarsler og administrative beskeder.<\/li>\n<li>Ydelse af tjenester og support til medlemmer relateret til deres konto og besvarelse af deres sp\u00f8rgsm\u00e5l, kommentarer og anmodninger.<\/li>\n<\/ul>\n<p><strong>Tilpasning og forbedring af vores tjenester<\/strong><\/p>\n<p>Vi kan bruge de oplysninger, vi indsamler om dig, til at opbygge en profil af dine pr\u00e6ferencer og til at skr\u00e6ddersy og personligg\u00f8re indholdet af Tjenesterne, s\u00e5 det er af st\u00f8rre interesse for dig. For eksempel kan vi bruge dine mest bes\u00f8gte butikker eller din ordrehistorik til at vise dig tilbud fra lignende butikker i relevante omr\u00e5der af Tjenesterne eller til at pr\u00e6sentere dig for interessante specialtilbud p\u00e5 tv\u00e6rs af vores Tjenester, herunder i butikken.<\/p>\n<p>Vi kan ogs\u00e5 bruge de oplysninger, vi indsamler om dig, til at identificere brugstendenser og udf\u00f8re statistisk analyse for at forbedre vores tjenester, websteder, applikationer, markedsf\u00f8ringsindsatser og de produkter og tjenester, vi anbefaler eller tilbyder fra vores forretningspartnere, s\u00e5 vi kan give dig bedre service i fremtiden.<\/p>\n<p><strong>Levering af markedsf\u00f8ringsoplysninger<\/strong><\/p>\n<p>Virksomheden kan bruge de indsamlede oplysninger om dig til at give dig mere personlige tilbud, s\u00e6rlige tilbud, rabatter og\/eller mere relevante tilbud fra vores deltagende forhandlere via e-mail og andre direkte kommunikationsmetoder samt digital annoncering. Vi kan bruge dine oplysninger til at sende dig nyhedsbreve, bonustilbud, rabatter, kampagnekoder, begivenheder og generelle oplysninger om Tjenesterne direkte.<\/p>\n<p><strong>Beskyt dig selv, andre og vores virksomhed.<\/strong><\/p>\n<p>Vi kan bruge de oplysninger, vi indsamler, til at vurdere risici, unders\u00f8ge og afb\u00f8de svindel, spam og anden skadelig onlineaktivitet p\u00e5 vores tjenester og forbedre vores sikkerhedsforanstaltninger. Vi kan ogs\u00e5 bruge de oplysninger, vi indsamler, til at h\u00e5ndh\u00e6ve eller forsvare vores juridiske rettigheder mod tredjeparter.<\/p>\n<p><strong>Overholdelse af g\u00e6ldende love<\/strong><\/p>\n<p>Vi kan bruge de oplysninger, vi indsamler om dig, til at overholde g\u00e6ldende love, regler, bestemmelser og juridiske krav i alle regioner, hvor vi opererer.<\/p>\n<p><strong>Dine databeskyttelsesrettigheder<\/strong><\/p>\n<p>Med visse undtagelser har du visse rettigheder i henhold til g\u00e6ldende lov med hensyn til dine personoplysninger.<\/p>\n<p><strong>Ret til information og adgang<\/strong><\/p>\n<p>Du har ret til at anmode om adgang til de personoplysninger, vi har indsamlet, brugt, videregivet til kommercielle form\u00e5l og solgt eller delt til kontekstoverskridende eller m\u00e5lrettede reklameform\u00e5l. Dette omfatter de form\u00e5l, hvortil de blev brugt, de kategorier af kilder, hvorfra vi har indhentet dine oplysninger, og de kategorier af tredjeparter, som vi har delt dine oplysninger med. Du har ogs\u00e5 ret til at anmode om adgang til (og modtage en kopi af) de specifikke personoplysninger, vi har indsamlet om dig. (Bem\u00e6rk venligst, at vi ikke deler f\u00f8lsomme personoplysninger i forbindelse med denne type anmodninger.)<\/p>\n<p><strong>Ret til sletning<\/strong><\/p>\n<p>Du har ret til at anmode om sletning af alle personoplysninger, vi har indsamlet eller lagret om dig, med forbehold for visse undtagelser. Vi sletter dine personoplysninger efter en s\u00e5dan anmodning, medmindre vi fastsl\u00e5r, at vi har brug for oplysningerne til forretningsm\u00e6ssige form\u00e5l og har en juridisk ret til at opbevare dem. I dette tilf\u00e6lde vil vi informere dig om den juridiske undtagelse.<\/p>\n<p><strong>Ret til berigtigelse<\/strong><\/p>\n<p>Med forbehold for visse undtagelser har du ret til at anmode om, at virksomheden berigtiger eventuelle un\u00f8jagtige eller ufuldst\u00e6ndige personoplysninger, som vi har indsamlet fra dig, eller som vi opbevarer om dig.<\/p>\n<p><strong>Ret til ikke-diskrimination<\/strong><\/p>\n<p>Vi vil ikke diskriminere mod dig, hvis du ud\u00f8ver dine rettigheder. Medmindre andet er tilladt ved lov, vil vi ikke, hvis du anmoder om adgang til, gennemgang, berigtigelse eller sletning af dine oplysninger eller g\u00f8r indsigelse mod salg eller overf\u00f8rsel:<\/p>\n<ul>\n<li>N\u00e6gtelse af at levere varer eller tjenesteydelser<\/li>\n<li>Opkr\u00e6ve forskellige priser eller satser for varer eller tjenesteydelser, herunder at yde rabatter eller andre fordele eller p\u00e5l\u00e6gge sanktioner.<\/li>\n<li>Tilbyde varer eller tjenesteydelser af en anden kvalitet eller foresl\u00e5 en anden pris eller sats for varer eller tjenesteydelser.<\/li>\n<li>Varer eller tjenesteydelser af et andet niveau eller en anden kvalitet.<\/li>\n<\/ul>\n<p><strong>Indsigelsesret<\/strong><\/p>\n<p>Afh\u00e6ngigt af din bop\u00e6lsstat har du muligvis ret til at g\u00f8re indsigelse mod vores beslutning vedr\u00f8rende din anmodning om beskyttelse af personlige oplysninger. Du kan g\u00f8re indsigelse ved at kontakte os p\u00e5 contact@coupongrizzly.com. Vi vil svare i overensstemmelse med g\u00e6ldende love i din region.<\/p>\n<p><strong>Repr\u00e6sentanter<\/strong><\/p>\n<p>Kun du eller en juridisk bemyndiget person m\u00e5 indsende en verificerbar anmodning vedr\u00f8rende dine personlige oplysninger. Vi kan bede enhver repr\u00e6sentant, der indsender en anmodning p\u00e5 dine vegne, om at freml\u00e6gge bevis for, at du har bemyndiget dem til at frems\u00e6tte anmodningen p\u00e5 dine vegne. Vi kan bede dig om selv at bekr\u00e6fte din identitet eller logge ind p\u00e5 din konto for at indtaste adgangskoden.<\/p>\n<p><strong>Andre oplysninger<\/strong><\/p>\n<p>I henhold til californisk lov kan indbyggere i Californien anmode om specifikke oplysninger om, hvordan deres oplysninger kan deles med tredjeparter til direkte markedsf\u00f8ringsform\u00e5l.<\/p>\n<p><strong>Oplysninger til mindre\u00e5rige<\/strong><\/p>\n<p>Denne hjemmeside og alle relaterede tjenester er rettet mod voksne p\u00e5 18 \u00e5r og derover. Vi indsamler, s\u00e6lger eller distribuerer ikke bevidst personlige oplysninger fra forbrugere under 16 \u00e5r til nogen under 13 \u00e5r uden deres udtrykkelige eller verificerbare for\u00e6ldresamtykke.<\/p>\n<p><strong>Informationssikkerhed<\/strong><\/p>\n<p>Vi har implementeret tekniske og organisatoriske foranstaltninger for at sikre et sikkerhedsniveau, der er passende i forhold til risikoen for de personoplysninger, vi behandler. Disse foranstaltninger er designet til at beskytte personoplysningernes integritet og fortrolighed. Vi gennemg\u00e5r regelm\u00e6ssigt disse foranstaltninger for at sikre, at de giver et passende sikkerhedsniveau.<\/p>\n<p><strong>\u00c6ndringer af denne privatlivspolitik<\/strong><\/p>\n<p>Denne privatlivspolitik tr\u00e6der i kraft fra den nedenfor angivne dato. Vi forbeholder os retten til at \u00e6ndre denne privatlivspolitik fra tid til anden i overensstemmelse med g\u00e6ldende databeskyttelseslove og -principper samt vores praksis for personoplysninger. Hvis vi foretager \u00e6ndringer i denne privatlivspolitik, underretter vi dig ved at opdatere datoen for denne privatlivspolitik. Hvis \u00e6ndringerne er v\u00e6sentlige, underretter vi dig ogs\u00e5 (f.eks. ved at offentligg\u00f8re en erkl\u00e6ring p\u00e5 vores tjenesters hjemmesider eller via e-mail).<\/p>\n<p><strong>Kontakt<\/strong><\/p>\n<p>Hvis du har sp\u00f8rgsm\u00e5l om denne privatlivspolitik, kan du kontakte os p\u00e5 <a href=\"mailto:contact@coupongrizzly.com\">contact@coupongrizzly.com<\/a><\/p>\n","protected":false},"excerpt":{"rendered":"<p>Indsamling af oplysninger: Vi indsamler, behandler og bruger dine data, n\u00e5r du: Du tilmelder dig vores tjenester. Interagerer med vores tjenester. Opretter forbindelse til vores tjenester via tredjeparter, herunder sociale mediekonti, e-mailkonti og forretningspartnere (se afsnit 3 nedenfor). Kontakt os, hvis du har brug for hj\u00e6lp. Vi indsamler visse oplysninger, n\u00e5r du interagerer med vores [&hellip;]<\/p>\n","protected":false},"author":2,"featured_media":0,"parent":0,"menu_order":0,"comment_status":"closed","ping_status":"closed","template":"","meta":{"footnotes":""},"acf":[],"yoast_head":"<!-- This site is optimized with the Yoast SEO plugin v21.7 - https:\/\/yoast.com\/wordpress\/plugins\/seo\/ -->\n<title>GDPR Politik - Coupon Grizzly<\/title>\n<meta name=\"robots\" content=\"index, follow, max-snippet:-1, max-image-preview:large, max-video-preview:-1\" \/>\n<link rel=\"canonical\" href=\"https:\/\/coupongrizzly.com\/dk\/gdpr-politik\/\" \/>\n<meta property=\"og:locale\" content=\"en_US\" \/>\n<meta property=\"og:type\" content=\"article\" \/>\n<meta property=\"og:title\" content=\"GDPR Politik - Coupon Grizzly\" \/>\n<meta property=\"og:description\" content=\"Indsamling af oplysninger: Vi indsamler, behandler og bruger dine data, n\u00e5r du: Du tilmelder dig vores tjenester. Interagerer med vores tjenester. Opretter forbindelse til vores tjenester via tredjeparter, herunder sociale mediekonti, e-mailkonti og forretningspartnere (se afsnit 3 nedenfor). Kontakt os, hvis du har brug for hj\u00e6lp. Vi indsamler visse oplysninger, n\u00e5r du interagerer med vores [&hellip;]\" \/>\n<meta property=\"og:url\" content=\"https:\/\/coupongrizzly.com\/dk\/gdpr-politik\/\" \/>\n<meta property=\"og:site_name\" content=\"Coupon Grizzly\" \/>\n<meta property=\"article:modified_time\" content=\"2025-07-01T11:59:31+00:00\" \/>\n<meta name=\"twitter:card\" content=\"summary_large_image\" \/>\n<meta name=\"twitter:label1\" content=\"Est. reading time\" \/>\n\t<meta name=\"twitter:data1\" content=\"7 minutes\" \/>\n<script type=\"application\/ld+json\" class=\"yoast-schema-graph\">{\"@context\":\"https:\/\/schema.org\",\"@graph\":[{\"@type\":\"WebPage\",\"@id\":\"https:\/\/coupongrizzly.com\/dk\/gdpr-politik\/\",\"url\":\"https:\/\/coupongrizzly.com\/dk\/gdpr-politik\/\",\"name\":\"GDPR Politik - Coupon Grizzly\",\"isPartOf\":{\"@id\":\"https:\/\/coupongrizzly.com\/dk\/#website\"},\"datePublished\":\"2025-07-01T11:59:03+00:00\",\"dateModified\":\"2025-07-01T11:59:31+00:00\",\"breadcrumb\":{\"@id\":\"https:\/\/coupongrizzly.com\/dk\/gdpr-politik\/#breadcrumb\"},\"inLanguage\":\"en-US\",\"potentialAction\":[{\"@type\":\"ReadAction\",\"target\":[\"https:\/\/coupongrizzly.com\/dk\/gdpr-politik\/\"]}]},{\"@type\":\"BreadcrumbList\",\"@id\":\"https:\/\/coupongrizzly.com\/dk\/gdpr-politik\/#breadcrumb\",\"itemListElement\":[{\"@type\":\"ListItem\",\"position\":1,\"name\":\"Home\",\"item\":\"https:\/\/coupongrizzly.com\/dk\/\"},{\"@type\":\"ListItem\",\"position\":2,\"name\":\"GDPR Politik\"}]},{\"@type\":\"WebSite\",\"@id\":\"https:\/\/coupongrizzly.com\/dk\/#website\",\"url\":\"https:\/\/coupongrizzly.com\/dk\/\",\"name\":\"Coupon Grizzly\",\"description\":\"\",\"potentialAction\":[{\"@type\":\"SearchAction\",\"target\":{\"@type\":\"EntryPoint\",\"urlTemplate\":\"https:\/\/coupongrizzly.com\/dk\/?s={search_term_string}\"},\"query-input\":\"required name=search_term_string\"}],\"inLanguage\":\"en-US\"}]}<\/script>\n<!-- \/ Yoast SEO plugin. -->","yoast_head_json":{"title":"GDPR Politik - Coupon Grizzly","robots":{"index":"index","follow":"follow","max-snippet":"max-snippet:-1","max-image-preview":"max-image-preview:large","max-video-preview":"max-video-preview:-1"},"canonical":"https:\/\/coupongrizzly.com\/dk\/gdpr-politik\/","og_locale":"en_US","og_type":"article","og_title":"GDPR Politik - Coupon Grizzly","og_description":"Indsamling af oplysninger: Vi indsamler, behandler og bruger dine data, n\u00e5r du: Du tilmelder dig vores tjenester. Interagerer med vores tjenester. Opretter forbindelse til vores tjenester via tredjeparter, herunder sociale mediekonti, e-mailkonti og forretningspartnere (se afsnit 3 nedenfor). Kontakt os, hvis du har brug for hj\u00e6lp. Vi indsamler visse oplysninger, n\u00e5r du interagerer med vores [&hellip;]","og_url":"https:\/\/coupongrizzly.com\/dk\/gdpr-politik\/","og_site_name":"Coupon Grizzly","article_modified_time":"2025-07-01T11:59:31+00:00","twitter_card":"summary_large_image","twitter_misc":{"Est. reading time":"7 minutes"},"schema":{"@context":"https:\/\/schema.org","@graph":[{"@type":"WebPage","@id":"https:\/\/coupongrizzly.com\/dk\/gdpr-politik\/","url":"https:\/\/coupongrizzly.com\/dk\/gdpr-politik\/","name":"GDPR Politik - Coupon Grizzly","isPartOf":{"@id":"https:\/\/coupongrizzly.com\/dk\/#website"},"datePublished":"2025-07-01T11:59:03+00:00","dateModified":"2025-07-01T11:59:31+00:00","breadcrumb":{"@id":"https:\/\/coupongrizzly.com\/dk\/gdpr-politik\/#breadcrumb"},"inLanguage":"en-US","potentialAction":[{"@type":"ReadAction","target":["https:\/\/coupongrizzly.com\/dk\/gdpr-politik\/"]}]},{"@type":"BreadcrumbList","@id":"https:\/\/coupongrizzly.com\/dk\/gdpr-politik\/#breadcrumb","itemListElement":[{"@type":"ListItem","position":1,"name":"Home","item":"https:\/\/coupongrizzly.com\/dk\/"},{"@type":"ListItem","position":2,"name":"GDPR Politik"}]},{"@type":"WebSite","@id":"https:\/\/coupongrizzly.com\/dk\/#website","url":"https:\/\/coupongrizzly.com\/dk\/","name":"Coupon Grizzly","description":"","potentialAction":[{"@type":"SearchAction","target":{"@type":"EntryPoint","urlTemplate":"https:\/\/coupongrizzly.com\/dk\/?s={search_term_string}"},"query-input":"required name=search_term_string"}],"inLanguage":"en-US"}]}},"_links":{"self":[{"href":"https:\/\/coupongrizzly.com\/dk\/wp-json\/wp\/v2\/pages\/3974"}],"collection":[{"href":"https:\/\/coupongrizzly.com\/dk\/wp-json\/wp\/v2\/pages"}],"about":[{"href":"https:\/\/coupongrizzly.com\/dk\/wp-json\/wp\/v2\/types\/page"}],"author":[{"embeddable":true,"href":"https:\/\/coupongrizzly.com\/dk\/wp-json\/wp\/v2\/users\/2"}],"replies":[{"embeddable":true,"href":"https:\/\/coupongrizzly.com\/dk\/wp-json\/wp\/v2\/comments?post=3974"}],"version-history":[{"count":2,"href":"https:\/\/coupongrizzly.com\/dk\/wp-json\/wp\/v2\/pages\/3974\/revisions"}],"predecessor-version":[{"id":3981,"href":"https:\/\/coupongrizzly.com\/dk\/wp-json\/wp\/v2\/pages\/3974\/revisions\/3981"}],"wp:attachment":[{"href":"https:\/\/coupongrizzly.com\/dk\/wp-json\/wp\/v2\/media?parent=3974"}],"curies":[{"name":"wp","href":"https:\/\/api.w.org\/{rel}","templated":true}]}}