{"id":1370,"date":"2022-12-03T10:10:22","date_gmt":"2022-12-03T10:10:22","guid":{"rendered":"https:\/\/coupongrizzly.com\/es\/?page_id=1370"},"modified":"2025-07-10T10:36:04","modified_gmt":"2025-07-10T10:36:04","slug":"pie-imprimir","status":"publish","type":"page","link":"https:\/\/coupongrizzly.com\/es\/pie-imprimir\/","title":{"rendered":"Pie de imprenta"},"content":{"rendered":"<h1><span style=\"font-size: 24pt;\"><strong>Estas p\u00e1ginas fueron creadas por:<\/strong><\/span><\/h1>\n<p><strong>The Market Shop<\/strong><br \/>\n50, Esplanade<br \/>\n9227 Diekirch<br \/>\nLuxemburgo<\/p>\n<p><strong>N\u00famero de registro: B183644<\/strong><\/p>\n<p><strong>Contacto:<\/strong><br \/>\nTel\u00e9fono: +35(2) 777 481<br \/>\nCorreo electr\u00f3nico: <a href=\"mailto:contact@coupongrizzly.com\">contact@coupongrizzly.com<\/a><\/p>\n<p><strong>Representado por: <\/strong>Daniel Schroeder<\/p>\n<p>El contenido del sitio web de The Market Shop se elabora y procesa con el m\u00e1ximo cuidado. Sin embargo, no se asume ninguna responsabilidad por la integridad y exactitud del contenido. Todas las ofertas est\u00e1n sujetas a cambios y no son vinculantes.<\/p>\n<p>La Comisi\u00f3n Europea ofrece una plataforma para la resoluci\u00f3n de litigios en l\u00ednea (plataforma ODR):<br \/>\n<a href=\"http:\/\/ec.europa.eu\/consumers\/odr\">http:\/\/ec.europa.eu\/consumers\/odr<\/a><\/p>\n<p>No estamos dispuestos ni obligados a participar en procedimientos de resoluci\u00f3n de litigios ante una junta de arbitraje de consumo.<\/p>\n","protected":false},"excerpt":{"rendered":"<p>Estas p\u00e1ginas fueron creadas por: The Market Shop 50, Esplanade 9227 Diekirch Luxemburgo N\u00famero de registro: B183644 Contacto: Tel\u00e9fono: +35(2) 777 481 Correo electr\u00f3nico: contact@coupongrizzly.com Representado por: Daniel Schroeder El contenido del sitio web de The Market Shop se elabora y procesa con el m\u00e1ximo cuidado. Sin embargo, no se asume ninguna responsabilidad por la [&hellip;]<\/p>\n","protected":false},"author":2,"featured_media":0,"parent":0,"menu_order":6,"comment_status":"closed","ping_status":"closed","template":"","meta":{"footnotes":""},"acf":[],"yoast_head":"<!-- This site is optimized with the Yoast SEO plugin v21.7 - https:\/\/yoast.com\/wordpress\/plugins\/seo\/ -->\n<title>Pie de imprenta - Coupon Grizzly<\/title>\n<meta name=\"robots\" content=\"index, follow, max-snippet:-1, max-image-preview:large, max-video-preview:-1\" \/>\n<link rel=\"canonical\" href=\"https:\/\/coupongrizzly.com\/es\/pie-imprimir\/\" \/>\n<meta property=\"og:locale\" content=\"en_US\" \/>\n<meta property=\"og:type\" content=\"article\" \/>\n<meta property=\"og:title\" content=\"Pie de imprenta - Coupon Grizzly\" \/>\n<meta property=\"og:description\" content=\"Estas p\u00e1ginas fueron creadas por: The Market Shop 50, Esplanade 9227 Diekirch Luxemburgo N\u00famero de registro: B183644 Contacto: Tel\u00e9fono: +35(2) 777 481 Correo electr\u00f3nico: contact@coupongrizzly.com Representado por: Daniel Schroeder El contenido del sitio web de The Market Shop se elabora y procesa con el m\u00e1ximo cuidado. Sin embargo, no se asume ninguna responsabilidad por la [&hellip;]\" \/>\n<meta property=\"og:url\" content=\"https:\/\/coupongrizzly.com\/es\/pie-imprimir\/\" \/>\n<meta property=\"og:site_name\" content=\"Coupon Grizzly\" \/>\n<meta property=\"article:modified_time\" content=\"2025-07-10T10:36:04+00:00\" \/>\n<meta name=\"twitter:card\" content=\"summary_large_image\" \/>\n<meta name=\"twitter:label1\" content=\"Est. reading time\" \/>\n\t<meta name=\"twitter:data1\" content=\"1 minute\" \/>\n<script type=\"application\/ld+json\" class=\"yoast-schema-graph\">{\"@context\":\"https:\/\/schema.org\",\"@graph\":[{\"@type\":\"WebPage\",\"@id\":\"https:\/\/coupongrizzly.com\/es\/pie-imprimir\/\",\"url\":\"https:\/\/coupongrizzly.com\/es\/pie-imprimir\/\",\"name\":\"Pie de imprenta - Coupon Grizzly\",\"isPartOf\":{\"@id\":\"https:\/\/coupongrizzly.com\/es\/#website\"},\"datePublished\":\"2022-12-03T10:10:22+00:00\",\"dateModified\":\"2025-07-10T10:36:04+00:00\",\"breadcrumb\":{\"@id\":\"https:\/\/coupongrizzly.com\/es\/pie-imprimir\/#breadcrumb\"},\"inLanguage\":\"en-US\",\"potentialAction\":[{\"@type\":\"ReadAction\",\"target\":[\"https:\/\/coupongrizzly.com\/es\/pie-imprimir\/\"]}]},{\"@type\":\"BreadcrumbList\",\"@id\":\"https:\/\/coupongrizzly.com\/es\/pie-imprimir\/#breadcrumb\",\"itemListElement\":[{\"@type\":\"ListItem\",\"position\":1,\"name\":\"Home\",\"item\":\"https:\/\/coupongrizzly.com\/es\/\"},{\"@type\":\"ListItem\",\"position\":2,\"name\":\"Pie de imprenta\"}]},{\"@type\":\"WebSite\",\"@id\":\"https:\/\/coupongrizzly.com\/es\/#website\",\"url\":\"https:\/\/coupongrizzly.com\/es\/\",\"name\":\"Coupon Grizzly\",\"description\":\"\",\"potentialAction\":[{\"@type\":\"SearchAction\",\"target\":{\"@type\":\"EntryPoint\",\"urlTemplate\":\"https:\/\/coupongrizzly.com\/es\/?s={search_term_string}\"},\"query-input\":\"required name=search_term_string\"}],\"inLanguage\":\"en-US\"}]}<\/script>\n<!-- \/ Yoast SEO plugin. -->","yoast_head_json":{"title":"Pie de imprenta - Coupon Grizzly","robots":{"index":"index","follow":"follow","max-snippet":"max-snippet:-1","max-image-preview":"max-image-preview:large","max-video-preview":"max-video-preview:-1"},"canonical":"https:\/\/coupongrizzly.com\/es\/pie-imprimir\/","og_locale":"en_US","og_type":"article","og_title":"Pie de imprenta - Coupon Grizzly","og_description":"Estas p\u00e1ginas fueron creadas por: The Market Shop 50, Esplanade 9227 Diekirch Luxemburgo N\u00famero de registro: B183644 Contacto: Tel\u00e9fono: +35(2) 777 481 Correo electr\u00f3nico: contact@coupongrizzly.com Representado por: Daniel Schroeder El contenido del sitio web de The Market Shop se elabora y procesa con el m\u00e1ximo cuidado. Sin embargo, no se asume ninguna responsabilidad por la [&hellip;]","og_url":"https:\/\/coupongrizzly.com\/es\/pie-imprimir\/","og_site_name":"Coupon Grizzly","article_modified_time":"2025-07-10T10:36:04+00:00","twitter_card":"summary_large_image","twitter_misc":{"Est. reading time":"1 minute"},"schema":{"@context":"https:\/\/schema.org","@graph":[{"@type":"WebPage","@id":"https:\/\/coupongrizzly.com\/es\/pie-imprimir\/","url":"https:\/\/coupongrizzly.com\/es\/pie-imprimir\/","name":"Pie de imprenta - Coupon Grizzly","isPartOf":{"@id":"https:\/\/coupongrizzly.com\/es\/#website"},"datePublished":"2022-12-03T10:10:22+00:00","dateModified":"2025-07-10T10:36:04+00:00","breadcrumb":{"@id":"https:\/\/coupongrizzly.com\/es\/pie-imprimir\/#breadcrumb"},"inLanguage":"en-US","potentialAction":[{"@type":"ReadAction","target":["https:\/\/coupongrizzly.com\/es\/pie-imprimir\/"]}]},{"@type":"BreadcrumbList","@id":"https:\/\/coupongrizzly.com\/es\/pie-imprimir\/#breadcrumb","itemListElement":[{"@type":"ListItem","position":1,"name":"Home","item":"https:\/\/coupongrizzly.com\/es\/"},{"@type":"ListItem","position":2,"name":"Pie de imprenta"}]},{"@type":"WebSite","@id":"https:\/\/coupongrizzly.com\/es\/#website","url":"https:\/\/coupongrizzly.com\/es\/","name":"Coupon Grizzly","description":"","potentialAction":[{"@type":"SearchAction","target":{"@type":"EntryPoint","urlTemplate":"https:\/\/coupongrizzly.com\/es\/?s={search_term_string}"},"query-input":"required name=search_term_string"}],"inLanguage":"en-US"}]}},"_links":{"self":[{"href":"https:\/\/coupongrizzly.com\/es\/wp-json\/wp\/v2\/pages\/1370"}],"collection":[{"href":"https:\/\/coupongrizzly.com\/es\/wp-json\/wp\/v2\/pages"}],"about":[{"href":"https:\/\/coupongrizzly.com\/es\/wp-json\/wp\/v2\/types\/page"}],"author":[{"embeddable":true,"href":"https:\/\/coupongrizzly.com\/es\/wp-json\/wp\/v2\/users\/2"}],"replies":[{"embeddable":true,"href":"https:\/\/coupongrizzly.com\/es\/wp-json\/wp\/v2\/comments?post=1370"}],"version-history":[{"count":8,"href":"https:\/\/coupongrizzly.com\/es\/wp-json\/wp\/v2\/pages\/1370\/revisions"}],"predecessor-version":[{"id":3002,"href":"https:\/\/coupongrizzly.com\/es\/wp-json\/wp\/v2\/pages\/1370\/revisions\/3002"}],"wp:attachment":[{"href":"https:\/\/coupongrizzly.com\/es\/wp-json\/wp\/v2\/media?parent=1370"}],"curies":[{"name":"wp","href":"https:\/\/api.w.org\/{rel}","templated":true}]}}