{"id":1714,"date":"2023-03-07T13:33:19","date_gmt":"2023-03-07T13:33:19","guid":{"rendered":"https:\/\/coupongrizzly.com\/fr\/?page_id=1714"},"modified":"2025-03-07T07:53:41","modified_gmt":"2025-03-07T07:53:41","slug":"mention-legale","status":"publish","type":"page","link":"https:\/\/coupongrizzly.com\/fr\/mention-legale\/","title":{"rendered":"Mention l\u00e9gale"},"content":{"rendered":"<p><strong>Editeur du site internet<\/strong><\/p>\n<p>The Market Shop<br \/>\n<strong>Si\u00e8ge social<\/strong>: 50, Esplanade, 9227 Diekirch, Luxembourg<br \/>\n<strong>Num\u00e9ro d&#8217;enregistrement<\/strong>: B183644<br \/>\n<strong>Type d&#8217;entreprise<\/strong>: soci\u00e9t\u00e9 anonyme<br \/>\n<strong>Num\u00e9ro d&#8217;identification du registre des entreprises<\/strong>: RCSL<br \/>\n<strong>EUID<\/strong>: LURCSL.B183644<br \/>\nDirecteurs g\u00e9n\u00e9raux: Daniel Schroeder<\/p>\n<p><strong>H\u00e9bergeur du site internet<\/strong><br \/>\nAmazon Web Services EMEA SARL<br \/>\n38 avenue John F. Kennedy,<br \/>\nL-1855 Luxembourg<\/p>\n<p><strong>Donn\u00e9es personnelles<\/strong><br \/>\nPrenez connaissance de notre charte de confidentialit\u00e9 en\u00a0<a href=\"https:\/\/coupongrizzly.com\/fr\/politique-de-confidentialite\/\">cliquant ici<\/a><\/p>\n<p><strong>DESCRIPTION DES SERVICES FOURNIS<\/strong><\/p>\n<p>Le site CouponGrizzly.com a pour objet de fournir une information concernant l\u2019ensemble des activit\u00e9s de la soci\u00e9t\u00e9. Le proprietaire du site s\u2019efforce de fournir sur le site CouponGrizzly.com des informations aussi pr\u00e9cises que possible. Toutefois, il ne pourra \u00eatre tenue responsable des omissions, des inexactitudes et des carences dans la mise \u00e0 jour, qu\u2019elles soient de son fait ou du fait des tiers partenaires qui lui fournissent ces informations. Tous les informations propos\u00e9es sur le site CouponGrizzly.com sont donn\u00e9es \u00e0 titre indicatif, sont non exhaustives, et sont susceptibles d\u2019\u00e9voluer. Elles sont donn\u00e9es sous r\u00e9serve de modifications ayant \u00e9t\u00e9 apport\u00e9es depuis leur mise en ligne.<\/p>\n<p><strong>PROPRI\u00c9T\u00c9 INTELLECTUELLE ET CONTREFA\u00c7ONS<\/strong><\/p>\n<p>Le proprietaire du site est propri\u00e9taire des droits de propri\u00e9t\u00e9 intellectuelle ou d\u00e9tient les droits d\u2019usage sur tous les \u00e9l\u00e9ments accessibles sur le site, notamment les textes, images, graphismes, logo, ic\u00f4nes, sons, logiciels\u2026 Toute reproduction, repr\u00e9sentation, modification, publication, adaptation totale ou partielle des \u00e9l\u00e9ments du site, quel que soit le moyen ou le proc\u00e9d\u00e9 utilis\u00e9, est interdite, sauf autorisation \u00e9crite pr\u00e9alable \u00e0 l\u2019email : contact@coupongrizzly.com. Toute exploitation non autoris\u00e9e du site ou de l\u2019un quelconque de ces \u00e9l\u00e9ments qu\u2019il contient sera consid\u00e9r\u00e9e comme constitutive d\u2019une contrefa\u00e7on et poursuivie conform\u00e9ment aux dispositions des articles L.335-2 et suivants du Code de Propri\u00e9t\u00e9 Intellectuelle.<\/p>\n<p><strong>LIENS HYPERTEXTES ET COOKIES<\/strong><\/p>\n<p>Le site CouponGrizzly.com contient un certain nombre de liens hypertextes vers d\u2019autres sites (partenaires, informations \u2026) mis en place avec l\u2019autorisation de le proprietaire du site . Cependant, le proprietaire du site n\u2019a pas la possibilit\u00e9 de v\u00e9rifier le contenu des sites ainsi visit\u00e9s et d\u00e9cline donc toute responsabilit\u00e9 de ce fait quand aux risques \u00e9ventuels de contenus illicites. L\u2019utilisateur est inform\u00e9 que lors de ses visites sur le site CouponGrizzly.com, un ou des cookies sont susceptible de s\u2019installer automatiquement sur son ordinateur. Un cookie est un fichier de petite taille, qui ne permet pas l\u2019identification de l\u2019utilisateur, mais qui enregistre des informations relatives \u00e0 la navigation d\u2019un ordinateur sur un site. Les donn\u00e9es ainsi obtenues visent \u00e0 faciliter la navigation ult\u00e9rieure sur le site, et ont \u00e9galement vocation \u00e0 permettre diverses mesures de fr\u00e9quentation. Le param\u00e9trage du logiciel de navigation permet d\u2019informer de la pr\u00e9sence de cookie et \u00e9ventuellement, de refuser de la mani\u00e8re d\u00e9crite \u00e0 l\u2019adresse suivante : www.cnil.fr Le refus d\u2019installation d\u2019un cookie peut entra\u00eener l\u2019impossibilit\u00e9 d\u2019acc\u00e9der \u00e0 certains services. L\u2019utilisateur peut toutefois configurer son ordinateur de la mani\u00e8re suivante, pour refuser l\u2019installation des cookies : Sous Internet Explorer : onglet outil \/ options internet. Cliquez sur Confidentialit\u00e9 et choisissez Bloquer tous les cookies. Validez sur Ok. Sous Netscape : onglet \u00e9dition \/ pr\u00e9f\u00e9rences. Cliquez sur Avanc\u00e9es et choisissez D\u00e9sactiver les cookies. Validez sur Ok.<\/p>\n<p><strong>PROTECTION DES BIENS ET DES PERSONNES \u2013 GESTION DES DONN\u00c9ES PERSONNELLES<\/strong><\/p>\n<p>Utilisateur : Internaute se connectant, utilisant le site susnomm\u00e9 : CouponGrizzly.com En France, les donn\u00e9es personnelles sont notamment prot\u00e9g\u00e9es par la loi n\u00b0 78-87 du 6 janvier 1978, la loi n\u00b0 2004-801 du 6 ao\u00fbt 2004, l\u2019article L. 226-13 du Code p\u00e9nal et la Directive Europ\u00e9enne du 24 octobre 1995.<\/p>\n<p>Sur le site CouponGrizzly.com, le proprietaire du site ne collecte des informations personnelles relatives \u00e0 l\u2019utilisateur que pour le besoin de certains services propos\u00e9s par le site CouponGrizzly.com. L\u2019utilisateur fournit ces informations en toute connaissance de cause, notamment lorsqu\u2019il proc\u00e8de par lui-m\u00eame \u00e0 leur saisie. Il est alors pr\u00e9cis\u00e9 \u00e0 l\u2019utilisateur du site CouponGrizzly.com l\u2019obligation ou non de fournir ces informations. Conform\u00e9ment aux dispositions des articles 38 et suivants de la loi 78-17 du 6 janvier 1978 relative \u00e0 l\u2019informatique, aux fichiers et aux libert\u00e9s, tout utilisateur dispose d\u2019un droit d\u2019acc\u00e8s, de rectification, de suppression et d\u2019opposition aux donn\u00e9es personnelles le concernant. Pour l\u2019exercer, adressez votre demande \u00e0 CouponGrizzly.com par email : email du webmaster ou en effectuant sa demande \u00e9crite et sign\u00e9e, accompagn\u00e9e d\u2019une copie du titre d\u2019identit\u00e9 avec signature du titulaire de la pi\u00e8ce, en pr\u00e9cisant l\u2019adresse \u00e0 laquelle la r\u00e9ponse doit \u00eatre envoy\u00e9e.<\/p>\n<p>Aucune information personnelle de l\u2019utilisateur du site CouponGrizzly.com n\u2019est publi\u00e9e \u00e0 l\u2019insu de l\u2019utilisateur, \u00e9chang\u00e9e, transf\u00e9r\u00e9e, c\u00e9d\u00e9e ou vendue sur un support quelconque \u00e0 des tiers. Seule l\u2019hypoth\u00e8se du rachat du site CouponGrizzly.com \u00e0 le proprietaire du site et de ses droits permettrait la transmission des dites informations \u00e0 l\u2019\u00e9ventuel acqu\u00e9reur qui serait \u00e0 son tour tenu de la m\u00eame obligation de conservation et de modification des donn\u00e9es vis \u00e0 vis de l\u2019utilisateur du site CouponGrizzly.com.<\/p>\n<p>Le site CouponGrizzly.com est en conformit\u00e9 avec le RGPD voir notre politique RGPD <em><a href=\"https:\/\/coupongrizzly.com\/fr\/politique-de-confidentialite\/\">https:\/\/coupongrizzly.com\/fr\/politique-de-confidentialite\/<\/a><\/em>.<\/p>\n<p>Les bases de donn\u00e9es sont prot\u00e9g\u00e9es par les dispositions de la loi du 1er juillet 1998 transposant la directive 96\/9 du 11 mars 1996 relative \u00e0 la protection juridique des bases de donn\u00e9es.<\/p>\n","protected":false},"excerpt":{"rendered":"<p>Editeur du site internet The Market Shop Si\u00e8ge social: 50, Esplanade, 9227 Diekirch, Luxembourg Num\u00e9ro d&#8217;enregistrement: B183644 Type d&#8217;entreprise: soci\u00e9t\u00e9 anonyme Num\u00e9ro d&#8217;identification du registre des entreprises: RCSL EUID: LURCSL.B183644 Directeurs g\u00e9n\u00e9raux: Daniel Schroeder H\u00e9bergeur du site internet Amazon Web Services EMEA SARL 38 avenue John F. Kennedy, L-1855 Luxembourg Donn\u00e9es personnelles Prenez connaissance de [&hellip;]<\/p>\n","protected":false},"author":2,"featured_media":0,"parent":0,"menu_order":2,"comment_status":"closed","ping_status":"closed","template":"","meta":{"_acf_changed":false,"footnotes":""},"class_list":["post-1714","page","type-page","status-publish","hentry"],"acf":[],"yoast_head":"<!-- This site is optimized with the Yoast SEO plugin v25.3 - https:\/\/yoast.com\/wordpress\/plugins\/seo\/ -->\n<title>Mention l\u00e9gale - Coupon Grizzly<\/title>\n<meta name=\"robots\" content=\"index, follow, max-snippet:-1, max-image-preview:large, max-video-preview:-1\" \/>\n<link rel=\"canonical\" href=\"https:\/\/coupongrizzly.com\/fr\/mention-legale\/\" \/>\n<meta property=\"og:locale\" content=\"en_US\" \/>\n<meta property=\"og:type\" content=\"article\" \/>\n<meta property=\"og:title\" content=\"Mention l\u00e9gale - Coupon Grizzly\" \/>\n<meta property=\"og:description\" content=\"Editeur du site internet The Market Shop Si\u00e8ge social: 50, Esplanade, 9227 Diekirch, Luxembourg Num\u00e9ro d&#8217;enregistrement: B183644 Type d&#8217;entreprise: soci\u00e9t\u00e9 anonyme Num\u00e9ro d&#8217;identification du registre des entreprises: RCSL EUID: LURCSL.B183644 Directeurs g\u00e9n\u00e9raux: Daniel Schroeder H\u00e9bergeur du site internet Amazon Web Services EMEA SARL 38 avenue John F. Kennedy, L-1855 Luxembourg Donn\u00e9es personnelles Prenez connaissance de [&hellip;]\" \/>\n<meta property=\"og:url\" content=\"https:\/\/coupongrizzly.com\/fr\/mention-legale\/\" \/>\n<meta property=\"og:site_name\" content=\"Coupon Grizzly\" \/>\n<meta property=\"article:modified_time\" content=\"2025-03-07T07:53:41+00:00\" \/>\n<meta name=\"twitter:card\" content=\"summary_large_image\" \/>\n<meta name=\"twitter:label1\" content=\"Est. reading time\" \/>\n\t<meta name=\"twitter:data1\" content=\"4 minutes\" \/>\n<script type=\"application\/ld+json\" class=\"yoast-schema-graph\">{\"@context\":\"https:\/\/schema.org\",\"@graph\":[{\"@type\":\"WebPage\",\"@id\":\"https:\/\/coupongrizzly.com\/fr\/mention-legale\/\",\"url\":\"https:\/\/coupongrizzly.com\/fr\/mention-legale\/\",\"name\":\"Mention l\u00e9gale - Coupon Grizzly\",\"isPartOf\":{\"@id\":\"https:\/\/coupongrizzly.com\/fr\/#website\"},\"datePublished\":\"2023-03-07T13:33:19+00:00\",\"dateModified\":\"2025-03-07T07:53:41+00:00\",\"breadcrumb\":{\"@id\":\"https:\/\/coupongrizzly.com\/fr\/mention-legale\/#breadcrumb\"},\"inLanguage\":\"en-US\",\"potentialAction\":[{\"@type\":\"ReadAction\",\"target\":[\"https:\/\/coupongrizzly.com\/fr\/mention-legale\/\"]}]},{\"@type\":\"BreadcrumbList\",\"@id\":\"https:\/\/coupongrizzly.com\/fr\/mention-legale\/#breadcrumb\",\"itemListElement\":[{\"@type\":\"ListItem\",\"position\":1,\"name\":\"Home\",\"item\":\"https:\/\/coupongrizzly.com\/fr\/\"},{\"@type\":\"ListItem\",\"position\":2,\"name\":\"Mention l\u00e9gale\"}]},{\"@type\":\"WebSite\",\"@id\":\"https:\/\/coupongrizzly.com\/fr\/#website\",\"url\":\"https:\/\/coupongrizzly.com\/fr\/\",\"name\":\"Coupon Grizzly\",\"description\":\"\",\"potentialAction\":[{\"@type\":\"SearchAction\",\"target\":{\"@type\":\"EntryPoint\",\"urlTemplate\":\"https:\/\/coupongrizzly.com\/fr\/?s={search_term_string}\"},\"query-input\":{\"@type\":\"PropertyValueSpecification\",\"valueRequired\":true,\"valueName\":\"search_term_string\"}}],\"inLanguage\":\"en-US\"}]}<\/script>\n<!-- \/ Yoast SEO plugin. -->","yoast_head_json":{"title":"Mention l\u00e9gale - Coupon Grizzly","robots":{"index":"index","follow":"follow","max-snippet":"max-snippet:-1","max-image-preview":"max-image-preview:large","max-video-preview":"max-video-preview:-1"},"canonical":"https:\/\/coupongrizzly.com\/fr\/mention-legale\/","og_locale":"en_US","og_type":"article","og_title":"Mention l\u00e9gale - Coupon Grizzly","og_description":"Editeur du site internet The Market Shop Si\u00e8ge social: 50, Esplanade, 9227 Diekirch, Luxembourg Num\u00e9ro d&#8217;enregistrement: B183644 Type d&#8217;entreprise: soci\u00e9t\u00e9 anonyme Num\u00e9ro d&#8217;identification du registre des entreprises: RCSL EUID: LURCSL.B183644 Directeurs g\u00e9n\u00e9raux: Daniel Schroeder H\u00e9bergeur du site internet Amazon Web Services EMEA SARL 38 avenue John F. Kennedy, L-1855 Luxembourg Donn\u00e9es personnelles Prenez connaissance de [&hellip;]","og_url":"https:\/\/coupongrizzly.com\/fr\/mention-legale\/","og_site_name":"Coupon Grizzly","article_modified_time":"2025-03-07T07:53:41+00:00","twitter_card":"summary_large_image","twitter_misc":{"Est. reading time":"4 minutes"},"schema":{"@context":"https:\/\/schema.org","@graph":[{"@type":"WebPage","@id":"https:\/\/coupongrizzly.com\/fr\/mention-legale\/","url":"https:\/\/coupongrizzly.com\/fr\/mention-legale\/","name":"Mention l\u00e9gale - Coupon Grizzly","isPartOf":{"@id":"https:\/\/coupongrizzly.com\/fr\/#website"},"datePublished":"2023-03-07T13:33:19+00:00","dateModified":"2025-03-07T07:53:41+00:00","breadcrumb":{"@id":"https:\/\/coupongrizzly.com\/fr\/mention-legale\/#breadcrumb"},"inLanguage":"en-US","potentialAction":[{"@type":"ReadAction","target":["https:\/\/coupongrizzly.com\/fr\/mention-legale\/"]}]},{"@type":"BreadcrumbList","@id":"https:\/\/coupongrizzly.com\/fr\/mention-legale\/#breadcrumb","itemListElement":[{"@type":"ListItem","position":1,"name":"Home","item":"https:\/\/coupongrizzly.com\/fr\/"},{"@type":"ListItem","position":2,"name":"Mention l\u00e9gale"}]},{"@type":"WebSite","@id":"https:\/\/coupongrizzly.com\/fr\/#website","url":"https:\/\/coupongrizzly.com\/fr\/","name":"Coupon Grizzly","description":"","potentialAction":[{"@type":"SearchAction","target":{"@type":"EntryPoint","urlTemplate":"https:\/\/coupongrizzly.com\/fr\/?s={search_term_string}"},"query-input":{"@type":"PropertyValueSpecification","valueRequired":true,"valueName":"search_term_string"}}],"inLanguage":"en-US"}]}},"_links":{"self":[{"href":"https:\/\/coupongrizzly.com\/fr\/wp-json\/wp\/v2\/pages\/1714","targetHints":{"allow":["GET"]}}],"collection":[{"href":"https:\/\/coupongrizzly.com\/fr\/wp-json\/wp\/v2\/pages"}],"about":[{"href":"https:\/\/coupongrizzly.com\/fr\/wp-json\/wp\/v2\/types\/page"}],"author":[{"embeddable":true,"href":"https:\/\/coupongrizzly.com\/fr\/wp-json\/wp\/v2\/users\/2"}],"replies":[{"embeddable":true,"href":"https:\/\/coupongrizzly.com\/fr\/wp-json\/wp\/v2\/comments?post=1714"}],"version-history":[{"count":21,"href":"https:\/\/coupongrizzly.com\/fr\/wp-json\/wp\/v2\/pages\/1714\/revisions"}],"predecessor-version":[{"id":16239,"href":"https:\/\/coupongrizzly.com\/fr\/wp-json\/wp\/v2\/pages\/1714\/revisions\/16239"}],"wp:attachment":[{"href":"https:\/\/coupongrizzly.com\/fr\/wp-json\/wp\/v2\/media?parent=1714"}],"curies":[{"name":"wp","href":"https:\/\/api.w.org\/{rel}","templated":true}]}}