{"id":26,"date":"2022-12-01T09:47:24","date_gmt":"2022-12-01T09:47:24","guid":{"rendered":"https:\/\/coupongrizzly.com\/fr\/?page_id=26"},"modified":"2025-07-18T07:27:36","modified_gmt":"2025-07-18T07:27:36","slug":"contactez-nous","status":"publish","type":"page","link":"https:\/\/coupongrizzly.com\/fr\/contactez-nous\/","title":{"rendered":"Contactez-nous"},"content":{"rendered":"<h3>Coordonn\u00e9es:<\/h3>\n<p><strong>Adresse<\/strong>: 50, Esplanade, 9227 Diekirch, Luxembourg.<\/p>\n<p><strong>ID de l&#8217;emai<\/strong>l: contact@coupongrizzly.com<\/p>\n<p><strong>T\u00e9l\u00e9phone<\/strong>: +35(2) 777 481<\/p>\n","protected":false},"excerpt":{"rendered":"<p>Coordonn\u00e9es: Adresse: 50, Esplanade, 9227 Diekirch, Luxembourg. ID de l&#8217;email: contact@coupongrizzly.com T\u00e9l\u00e9phone: +35(2) 777 481<\/p>\n","protected":false},"author":2,"featured_media":0,"parent":0,"menu_order":6,"comment_status":"closed","ping_status":"closed","template":"","meta":{"_acf_changed":false,"footnotes":""},"class_list":["post-26","page","type-page","status-publish","hentry"],"acf":[],"yoast_head":"<!-- This site is optimized with the Yoast SEO plugin v25.3 - https:\/\/yoast.com\/wordpress\/plugins\/seo\/ -->\n<title>Contactez-nous - Coupon Grizzly<\/title>\n<meta name=\"robots\" content=\"index, follow, max-snippet:-1, max-image-preview:large, max-video-preview:-1\" \/>\n<link rel=\"canonical\" href=\"https:\/\/coupongrizzly.com\/fr\/contactez-nous\/\" \/>\n<meta property=\"og:locale\" content=\"en_US\" \/>\n<meta property=\"og:type\" content=\"article\" \/>\n<meta property=\"og:title\" content=\"Contactez-nous - Coupon Grizzly\" \/>\n<meta property=\"og:description\" content=\"Coordonn\u00e9es: Adresse: 50, Esplanade, 9227 Diekirch, Luxembourg. ID de l&#8217;email: contact@coupongrizzly.com T\u00e9l\u00e9phone: +35(2) 777 481\" \/>\n<meta property=\"og:url\" content=\"https:\/\/coupongrizzly.com\/fr\/contactez-nous\/\" \/>\n<meta property=\"og:site_name\" content=\"Coupon Grizzly\" \/>\n<meta property=\"article:modified_time\" content=\"2025-07-18T07:27:36+00:00\" \/>\n<meta name=\"twitter:card\" content=\"summary_large_image\" \/>\n<meta name=\"twitter:label1\" content=\"Est. reading time\" \/>\n\t<meta name=\"twitter:data1\" content=\"1 minute\" \/>\n<script type=\"application\/ld+json\" class=\"yoast-schema-graph\">{\"@context\":\"https:\/\/schema.org\",\"@graph\":[{\"@type\":\"WebPage\",\"@id\":\"https:\/\/coupongrizzly.com\/fr\/contactez-nous\/\",\"url\":\"https:\/\/coupongrizzly.com\/fr\/contactez-nous\/\",\"name\":\"Contactez-nous - Coupon Grizzly\",\"isPartOf\":{\"@id\":\"https:\/\/coupongrizzly.com\/fr\/#website\"},\"datePublished\":\"2022-12-01T09:47:24+00:00\",\"dateModified\":\"2025-07-18T07:27:36+00:00\",\"breadcrumb\":{\"@id\":\"https:\/\/coupongrizzly.com\/fr\/contactez-nous\/#breadcrumb\"},\"inLanguage\":\"en-US\",\"potentialAction\":[{\"@type\":\"ReadAction\",\"target\":[\"https:\/\/coupongrizzly.com\/fr\/contactez-nous\/\"]}]},{\"@type\":\"BreadcrumbList\",\"@id\":\"https:\/\/coupongrizzly.com\/fr\/contactez-nous\/#breadcrumb\",\"itemListElement\":[{\"@type\":\"ListItem\",\"position\":1,\"name\":\"Home\",\"item\":\"https:\/\/coupongrizzly.com\/fr\/\"},{\"@type\":\"ListItem\",\"position\":2,\"name\":\"Contactez-nous\"}]},{\"@type\":\"WebSite\",\"@id\":\"https:\/\/coupongrizzly.com\/fr\/#website\",\"url\":\"https:\/\/coupongrizzly.com\/fr\/\",\"name\":\"Coupon Grizzly\",\"description\":\"\",\"potentialAction\":[{\"@type\":\"SearchAction\",\"target\":{\"@type\":\"EntryPoint\",\"urlTemplate\":\"https:\/\/coupongrizzly.com\/fr\/?s={search_term_string}\"},\"query-input\":{\"@type\":\"PropertyValueSpecification\",\"valueRequired\":true,\"valueName\":\"search_term_string\"}}],\"inLanguage\":\"en-US\"}]}<\/script>\n<!-- \/ Yoast SEO plugin. -->","yoast_head_json":{"title":"Contactez-nous - Coupon Grizzly","robots":{"index":"index","follow":"follow","max-snippet":"max-snippet:-1","max-image-preview":"max-image-preview:large","max-video-preview":"max-video-preview:-1"},"canonical":"https:\/\/coupongrizzly.com\/fr\/contactez-nous\/","og_locale":"en_US","og_type":"article","og_title":"Contactez-nous - Coupon Grizzly","og_description":"Coordonn\u00e9es: Adresse: 50, Esplanade, 9227 Diekirch, Luxembourg. ID de l&#8217;email: contact@coupongrizzly.com T\u00e9l\u00e9phone: +35(2) 777 481","og_url":"https:\/\/coupongrizzly.com\/fr\/contactez-nous\/","og_site_name":"Coupon Grizzly","article_modified_time":"2025-07-18T07:27:36+00:00","twitter_card":"summary_large_image","twitter_misc":{"Est. reading time":"1 minute"},"schema":{"@context":"https:\/\/schema.org","@graph":[{"@type":"WebPage","@id":"https:\/\/coupongrizzly.com\/fr\/contactez-nous\/","url":"https:\/\/coupongrizzly.com\/fr\/contactez-nous\/","name":"Contactez-nous - Coupon Grizzly","isPartOf":{"@id":"https:\/\/coupongrizzly.com\/fr\/#website"},"datePublished":"2022-12-01T09:47:24+00:00","dateModified":"2025-07-18T07:27:36+00:00","breadcrumb":{"@id":"https:\/\/coupongrizzly.com\/fr\/contactez-nous\/#breadcrumb"},"inLanguage":"en-US","potentialAction":[{"@type":"ReadAction","target":["https:\/\/coupongrizzly.com\/fr\/contactez-nous\/"]}]},{"@type":"BreadcrumbList","@id":"https:\/\/coupongrizzly.com\/fr\/contactez-nous\/#breadcrumb","itemListElement":[{"@type":"ListItem","position":1,"name":"Home","item":"https:\/\/coupongrizzly.com\/fr\/"},{"@type":"ListItem","position":2,"name":"Contactez-nous"}]},{"@type":"WebSite","@id":"https:\/\/coupongrizzly.com\/fr\/#website","url":"https:\/\/coupongrizzly.com\/fr\/","name":"Coupon Grizzly","description":"","potentialAction":[{"@type":"SearchAction","target":{"@type":"EntryPoint","urlTemplate":"https:\/\/coupongrizzly.com\/fr\/?s={search_term_string}"},"query-input":{"@type":"PropertyValueSpecification","valueRequired":true,"valueName":"search_term_string"}}],"inLanguage":"en-US"}]}},"_links":{"self":[{"href":"https:\/\/coupongrizzly.com\/fr\/wp-json\/wp\/v2\/pages\/26","targetHints":{"allow":["GET"]}}],"collection":[{"href":"https:\/\/coupongrizzly.com\/fr\/wp-json\/wp\/v2\/pages"}],"about":[{"href":"https:\/\/coupongrizzly.com\/fr\/wp-json\/wp\/v2\/types\/page"}],"author":[{"embeddable":true,"href":"https:\/\/coupongrizzly.com\/fr\/wp-json\/wp\/v2\/users\/2"}],"replies":[{"embeddable":true,"href":"https:\/\/coupongrizzly.com\/fr\/wp-json\/wp\/v2\/comments?post=26"}],"version-history":[{"count":8,"href":"https:\/\/coupongrizzly.com\/fr\/wp-json\/wp\/v2\/pages\/26\/revisions"}],"predecessor-version":[{"id":18892,"href":"https:\/\/coupongrizzly.com\/fr\/wp-json\/wp\/v2\/pages\/26\/revisions\/18892"}],"wp:attachment":[{"href":"https:\/\/coupongrizzly.com\/fr\/wp-json\/wp\/v2\/media?parent=26"}],"curies":[{"name":"wp","href":"https:\/\/api.w.org\/{rel}","templated":true}]}}