{"id":21,"date":"2022-12-01T09:46:48","date_gmt":"2022-12-01T09:46:48","guid":{"rendered":"https:\/\/coupongrizzly.com\/se\/?page_id=21"},"modified":"2025-07-10T10:10:50","modified_gmt":"2025-07-10T10:10:50","slug":"om-oss","status":"publish","type":"page","link":"https:\/\/coupongrizzly.com\/se\/om-oss\/","title":{"rendered":"Om oss"},"content":{"rendered":"<p>P\u00e5 CouponGrizzly SE specialiserar vi oss p\u00e5 att samla de b\u00e4sta rabattkoderna och erbjudandena \u00e5t dig. Sedan 2019 har vi dagligen genoms\u00f6kt internet f\u00f6r att sammanst\u00e4lla de senaste rabattkoderna och erbjudandena fr\u00e5n \u00f6ver 600 webbutiker. Vi erbjuder ocks\u00e5 exklusiva koder som du inte hittar n\u00e5gon annanstans. Detta g\u00f6r onlineshopping inte bara billigare, utan ocks\u00e5 enklare och roligare!<\/p>\n<p><strong>Hur vi hj\u00e4lper dig att spara<\/strong><\/p>\n<p>CouponGrizzly SE-teamet har ett uppdrag: att hj\u00e4lpa dig spara p\u00e5 alla dina onlinek\u00f6p. Tack vare v\u00e5rt samarbete med olika online-\u00e5terf\u00f6rs\u00e4ljare \u2013 b\u00e5de stora och sm\u00e5 \u2013 kan vi presentera dig de b\u00e4sta rabattkoderna och erbjudandena.<\/p>\n<p>V\u00e5ra redakt\u00f6rer granskar alla kuponger dagligen f\u00f6r att s\u00e4kerst\u00e4lla att vi endast erbjuder giltiga rabattkoder. Dessutom erbjuder vi anv\u00e4ndbar information om hur du l\u00f6ser in rabattkoder f\u00f6r varje webbutik, samt ytterligare spartips, s\u00e5som studentrabatter eller h\u00e4nvisa-en-v\u00e4n-rabatter.<\/p>\n<p>Vi ut\u00f6kar kontinuerligt v\u00e5ra webbutikserbjudanden s\u00e5 att du alltid har ett brett utbud av butiker d\u00e4r du kan s\u00e4kra rabatter. Fr\u00e5n mode och elektronik till hemaccessoarer och sk\u00f6nhetsprodukter, din favoritbutik finns garanterat d\u00e4r.<\/p>\n<p>I v\u00e5r sektion med spartips avsl\u00f6jar vi ocks\u00e5 smarta s\u00e4tt att spara pengar. H\u00e4r hittar du artiklar om att spara pengar i vardagen, till exempel n\u00e4r du bokar semestrar, best\u00e4ller matvaror och planerar utflykter.<\/p>\n<p><strong>Kvalitet framf\u00f6r kvantitet<\/strong><\/p>\n<p>Vi publicerar inte bara varje rabattkod eller erbjudande vi st\u00f6ter p\u00e5. Varje rabattkod granskas manuellt innan den publiceras. Vid behov l\u00e4gger vi till villkor s\u00e5 att du vet exakt vad du kan f\u00f6rv\u00e4nta dig n\u00e4r du g\u00f6r din best\u00e4llning. Dessutom kontrollerar vi regelbundet rabattkodens giltighet och kontaktar webbutiken om det uppst\u00e5r n\u00e5gra problem.<\/p>\n<p>Om du st\u00f6ter p\u00e5 ett felmeddelande ang\u00e5ende en rabattkod, v\u00e4nligen kontakta oss via kontaktformul\u00e4ret s\u00e5 l\u00f6ser vi problemet s\u00e5 snart som m\u00f6jligt.<\/p>\n<p><strong>S\u00e5 h\u00e4r tj\u00e4nar vi v\u00e5ra pengar<\/strong><\/p>\n<p>Vi f\u00e5r ofta en liten provision fr\u00e5n n\u00e4tbutiker n\u00e4r n\u00e5gon handlar via v\u00e5r webbplats. V\u00e5rt kontohanteringsteam f\u00f6rhandlar st\u00e4ndigt f\u00f6r att hitta de b\u00e4sta erbjudandena f\u00f6r v\u00e5ra bes\u00f6kare. Tack vare dem har vi ofta exklusiva rabattkoder som erbjuder ytterligare f\u00f6rdelar.<\/p>\n<p>Dessutom erbjuder vissa varum\u00e4rken m\u00f6jligheten att annonsera p\u00e5 v\u00e5r webbplats, vilket \u00e4r en annan inkomstk\u00e4lla.<\/p>\n<p>V\u00e5ra bes\u00f6kare \u00e4r i centrum f\u00f6r allt vi g\u00f6r. V\u00e5rt m\u00e5l \u00e4r att alltid erbjuda dig de b\u00e4sta rabattkoderna och erbjudandena, oavsett om vi tj\u00e4nar pengar p\u00e5 dem eller inte.<\/p>\n","protected":false},"excerpt":{"rendered":"<p>P\u00e5 CouponGrizzly SE specialiserar vi oss p\u00e5 att samla de b\u00e4sta rabattkoderna och erbjudandena \u00e5t dig. Sedan 2019 har vi dagligen genoms\u00f6kt internet f\u00f6r att sammanst\u00e4lla de senaste rabattkoderna och erbjudandena fr\u00e5n \u00f6ver 600 webbutiker. Vi erbjuder ocks\u00e5 exklusiva koder som du inte hittar n\u00e5gon annanstans. Detta g\u00f6r onlineshopping inte bara billigare, utan ocks\u00e5 enklare [&hellip;]<\/p>\n","protected":false},"author":2,"featured_media":0,"parent":0,"menu_order":5,"comment_status":"closed","ping_status":"closed","template":"","meta":{"footnotes":""},"acf":[],"yoast_head":"<!-- This site is optimized with the Yoast SEO plugin v21.7 - https:\/\/yoast.com\/wordpress\/plugins\/seo\/ -->\n<title>Om oss - Coupon Grizzly<\/title>\n<meta name=\"robots\" content=\"index, follow, max-snippet:-1, max-image-preview:large, max-video-preview:-1\" \/>\n<link rel=\"canonical\" href=\"https:\/\/coupongrizzly.com\/se\/om-oss\/\" \/>\n<meta property=\"og:locale\" content=\"en_US\" \/>\n<meta property=\"og:type\" content=\"article\" \/>\n<meta property=\"og:title\" content=\"Om oss - Coupon Grizzly\" \/>\n<meta property=\"og:description\" content=\"P\u00e5 CouponGrizzly SE specialiserar vi oss p\u00e5 att samla de b\u00e4sta rabattkoderna och erbjudandena \u00e5t dig. Sedan 2019 har vi dagligen genoms\u00f6kt internet f\u00f6r att sammanst\u00e4lla de senaste rabattkoderna och erbjudandena fr\u00e5n \u00f6ver 600 webbutiker. Vi erbjuder ocks\u00e5 exklusiva koder som du inte hittar n\u00e5gon annanstans. Detta g\u00f6r onlineshopping inte bara billigare, utan ocks\u00e5 enklare [&hellip;]\" \/>\n<meta property=\"og:url\" content=\"https:\/\/coupongrizzly.com\/se\/om-oss\/\" \/>\n<meta property=\"og:site_name\" content=\"Coupon Grizzly\" \/>\n<meta property=\"article:modified_time\" content=\"2025-07-10T10:10:50+00:00\" \/>\n<meta name=\"twitter:card\" content=\"summary_large_image\" \/>\n<meta name=\"twitter:label1\" content=\"Est. reading time\" \/>\n\t<meta name=\"twitter:data1\" content=\"2 minutes\" \/>\n<script type=\"application\/ld+json\" class=\"yoast-schema-graph\">{\"@context\":\"https:\/\/schema.org\",\"@graph\":[{\"@type\":\"WebPage\",\"@id\":\"https:\/\/coupongrizzly.com\/se\/om-oss\/\",\"url\":\"https:\/\/coupongrizzly.com\/se\/om-oss\/\",\"name\":\"Om oss - Coupon Grizzly\",\"isPartOf\":{\"@id\":\"https:\/\/coupongrizzly.com\/se\/#website\"},\"datePublished\":\"2022-12-01T09:46:48+00:00\",\"dateModified\":\"2025-07-10T10:10:50+00:00\",\"breadcrumb\":{\"@id\":\"https:\/\/coupongrizzly.com\/se\/om-oss\/#breadcrumb\"},\"inLanguage\":\"en-US\",\"potentialAction\":[{\"@type\":\"ReadAction\",\"target\":[\"https:\/\/coupongrizzly.com\/se\/om-oss\/\"]}]},{\"@type\":\"BreadcrumbList\",\"@id\":\"https:\/\/coupongrizzly.com\/se\/om-oss\/#breadcrumb\",\"itemListElement\":[{\"@type\":\"ListItem\",\"position\":1,\"name\":\"Home\",\"item\":\"https:\/\/coupongrizzly.com\/se\/\"},{\"@type\":\"ListItem\",\"position\":2,\"name\":\"Om oss\"}]},{\"@type\":\"WebSite\",\"@id\":\"https:\/\/coupongrizzly.com\/se\/#website\",\"url\":\"https:\/\/coupongrizzly.com\/se\/\",\"name\":\"Coupon Grizzly\",\"description\":\"\",\"potentialAction\":[{\"@type\":\"SearchAction\",\"target\":{\"@type\":\"EntryPoint\",\"urlTemplate\":\"https:\/\/coupongrizzly.com\/se\/?s={search_term_string}\"},\"query-input\":\"required name=search_term_string\"}],\"inLanguage\":\"en-US\"}]}<\/script>\n<!-- \/ Yoast SEO plugin. -->","yoast_head_json":{"title":"Om oss - Coupon Grizzly","robots":{"index":"index","follow":"follow","max-snippet":"max-snippet:-1","max-image-preview":"max-image-preview:large","max-video-preview":"max-video-preview:-1"},"canonical":"https:\/\/coupongrizzly.com\/se\/om-oss\/","og_locale":"en_US","og_type":"article","og_title":"Om oss - Coupon Grizzly","og_description":"P\u00e5 CouponGrizzly SE specialiserar vi oss p\u00e5 att samla de b\u00e4sta rabattkoderna och erbjudandena \u00e5t dig. Sedan 2019 har vi dagligen genoms\u00f6kt internet f\u00f6r att sammanst\u00e4lla de senaste rabattkoderna och erbjudandena fr\u00e5n \u00f6ver 600 webbutiker. Vi erbjuder ocks\u00e5 exklusiva koder som du inte hittar n\u00e5gon annanstans. Detta g\u00f6r onlineshopping inte bara billigare, utan ocks\u00e5 enklare [&hellip;]","og_url":"https:\/\/coupongrizzly.com\/se\/om-oss\/","og_site_name":"Coupon Grizzly","article_modified_time":"2025-07-10T10:10:50+00:00","twitter_card":"summary_large_image","twitter_misc":{"Est. reading time":"2 minutes"},"schema":{"@context":"https:\/\/schema.org","@graph":[{"@type":"WebPage","@id":"https:\/\/coupongrizzly.com\/se\/om-oss\/","url":"https:\/\/coupongrizzly.com\/se\/om-oss\/","name":"Om oss - Coupon Grizzly","isPartOf":{"@id":"https:\/\/coupongrizzly.com\/se\/#website"},"datePublished":"2022-12-01T09:46:48+00:00","dateModified":"2025-07-10T10:10:50+00:00","breadcrumb":{"@id":"https:\/\/coupongrizzly.com\/se\/om-oss\/#breadcrumb"},"inLanguage":"en-US","potentialAction":[{"@type":"ReadAction","target":["https:\/\/coupongrizzly.com\/se\/om-oss\/"]}]},{"@type":"BreadcrumbList","@id":"https:\/\/coupongrizzly.com\/se\/om-oss\/#breadcrumb","itemListElement":[{"@type":"ListItem","position":1,"name":"Home","item":"https:\/\/coupongrizzly.com\/se\/"},{"@type":"ListItem","position":2,"name":"Om oss"}]},{"@type":"WebSite","@id":"https:\/\/coupongrizzly.com\/se\/#website","url":"https:\/\/coupongrizzly.com\/se\/","name":"Coupon Grizzly","description":"","potentialAction":[{"@type":"SearchAction","target":{"@type":"EntryPoint","urlTemplate":"https:\/\/coupongrizzly.com\/se\/?s={search_term_string}"},"query-input":"required name=search_term_string"}],"inLanguage":"en-US"}]}},"_links":{"self":[{"href":"https:\/\/coupongrizzly.com\/se\/wp-json\/wp\/v2\/pages\/21"}],"collection":[{"href":"https:\/\/coupongrizzly.com\/se\/wp-json\/wp\/v2\/pages"}],"about":[{"href":"https:\/\/coupongrizzly.com\/se\/wp-json\/wp\/v2\/types\/page"}],"author":[{"embeddable":true,"href":"https:\/\/coupongrizzly.com\/se\/wp-json\/wp\/v2\/users\/2"}],"replies":[{"embeddable":true,"href":"https:\/\/coupongrizzly.com\/se\/wp-json\/wp\/v2\/comments?post=21"}],"version-history":[{"count":3,"href":"https:\/\/coupongrizzly.com\/se\/wp-json\/wp\/v2\/pages\/21\/revisions"}],"predecessor-version":[{"id":4429,"href":"https:\/\/coupongrizzly.com\/se\/wp-json\/wp\/v2\/pages\/21\/revisions\/4429"}],"wp:attachment":[{"href":"https:\/\/coupongrizzly.com\/se\/wp-json\/wp\/v2\/media?parent=21"}],"curies":[{"name":"wp","href":"https:\/\/api.w.org\/{rel}","templated":true}]}}