{"id":3715,"date":"2023-06-26T07:05:35","date_gmt":"2023-06-26T07:05:35","guid":{"rendered":"https:\/\/coupongrizzly.com\/se\/?page_id=3715"},"modified":"2023-12-19T11:09:25","modified_gmt":"2023-12-19T11:09:25","slug":"juridisk-information","status":"publish","type":"page","link":"https:\/\/coupongrizzly.com\/se\/juridisk-information\/","title":{"rendered":"Juridisk Information"},"content":{"rendered":"<p><strong>R\u00c4TTSLIGT MEDDELANDE:<\/strong><\/p>\n<p>I enlighet med best\u00e4mmelserna i artiklarna 6-III och 19 i lag nr 2004-575 av den 21 juni 2004 om f\u00f6rtroende f\u00f6r den digitala ekonomin, k\u00e4nd som L.C.E.N., uppm\u00e4rksammar vi anv\u00e4ndare och bes\u00f6kare p\u00e5 webbplatsen: CouponGrizzly. com f\u00f6ljande information:<\/p>\n<p><strong>REDAKT\u00d6R<\/strong><\/p>\n<p>Webbplatsen CouponGrizzly.com \u00e4r XYZEE TECHs exklusiva egendom, som publicerar den.<\/p>\n<p><strong>XYZEE TECH<\/strong><\/p>\n<p>Registrerad i handels- och f\u00f6retagsregistret N\/A under nummer 4920700-0<\/p>\n<p>Inomgemenskapens momsnummer: 4920700-0<\/p>\n<p>E-postadress: contact@coupongrizzly.com<\/p>\n<p>Publikationschef: Roger D&#8217;souza<\/p>\n<p>Kontakta publiceringsansvarig: contact@coupongrizzly.com<\/p>\n<p><strong>BOENDE<\/strong><\/p>\n<p>Webbplatsen drivs av Hostinger Inc. Hostinger, UAB Jonavos g. 60C 44192 Kaunas<\/p>\n<p>KREDIT: de juridiska meddelandena har genererats av juridiska meddelanden<\/p>\n<p>Lyon ishall \u00f6ppettider<\/p>\n<p><strong>BESKRIVNING AV TJ\u00c4NSTERNA TILLHANDAH\u00c5LLS<\/strong><\/p>\n<p>Syftet med webbplatsen CouponGrizzly.com \u00e4r att tillhandah\u00e5lla information om alla f\u00f6retagets aktiviteter. Webbplats\u00e4garen str\u00e4var efter att f\u00f6rse webbplatsen CouponGrizzly.com med information som \u00e4r s\u00e5 korrekt som m\u00f6jligt. Den kan dock inte h\u00e5llas ansvarig f\u00f6r utel\u00e4mnanden, felaktigheter och brister i uppdateringen, vare sig av sig sj\u00e4lv eller av tredjepartspartners som f\u00f6rser den med denna information. All information som erbjuds p\u00e5 webbplatsen CouponGrizzly.com ges endast f\u00f6r information, \u00e4r inte utt\u00f6mmande och kan komma att \u00e4ndras. De ges med f\u00f6rbeh\u00e5ll f\u00f6r att \u00e4ndringar har gjorts sedan de lades ut online.<\/p>\n<p><strong>IMMATERIELL EGENDOM OCH BROTT<\/strong><\/p>\n<p>\u00c4garen av webbplatsen \u00e4r \u00e4garen till de immateriella r\u00e4ttigheterna eller innehar r\u00e4ttigheterna till anv\u00e4ndning av alla element som \u00e4r tillg\u00e4ngliga p\u00e5 webbplatsen, s\u00e4rskilt texter, bilder, grafik, logotyp, ikoner, ljud, programvara&#8230; Alla reproduktioner, representation, modifiering, publicering, total eller partiell anpassning av delar av webbplatsen, oavsett medel eller process som anv\u00e4nds, \u00e4r f\u00f6rbjuden, f\u00f6rutom med skriftligt f\u00f6rhandsgodk\u00e4nnande via e-post: contact@coupongrizzly.com. All otill\u00e5ten anv\u00e4ndning av sajten eller n\u00e5gon av dessa delar den inneh\u00e5ller kommer att anses utg\u00f6ra en intr\u00e5ng och \u00e5talas i enlighet med best\u00e4mmelserna i artiklarna L.335-2 och f\u00f6ljande i Immateriella r\u00e4ttigheter.<\/p>\n<p><strong>HYPERTEXT L\u00c4NKAR OCH COOKIES<\/strong><\/p>\n<p>Webbplatsen CouponGrizzly.com inneh\u00e5ller ett visst antal hypertextl\u00e4nkar till andra webbplatser (partners, information, etc.) som skapats med tillst\u00e5nd fr\u00e5n webbplatsens \u00e4gare. \u00c4garen av sajten har dock inte m\u00f6jlighet att verifiera inneh\u00e5llet p\u00e5 de sajter som s\u00e5lunda bes\u00f6kts och fr\u00e5ns\u00e4ger sig d\u00e4rf\u00f6r allt ansvar f\u00f6r detta faktum n\u00e4r de eventuella riskerna f\u00f6r olagligt inneh\u00e5ll. Anv\u00e4ndaren informeras om att under hans bes\u00f6k p\u00e5 webbplatsen CouponGrizzly.com kan en eller flera cookies automatiskt installeras p\u00e5 hans dator. En cookie \u00e4r en liten fil som inte till\u00e5ter identifiering av anv\u00e4ndaren, men som registrerar information om navigering av en dator p\u00e5 en webbplats. De uppgifter som s\u00e5lunda erh\u00e5lls \u00e4r avsedda att underl\u00e4tta efterf\u00f6ljande navigering p\u00e5 webbplatsen, och \u00e4r ocks\u00e5 avsedda att m\u00f6jligg\u00f6ra olika m\u00e4tningar av n\u00e4rvaro. Konfigurationen av navigeringsmjukvaran g\u00f6r det m\u00f6jligt att informera om f\u00f6rekomsten av en cookie och eventuellt v\u00e4gra den p\u00e5 det s\u00e4tt som beskrivs p\u00e5 f\u00f6ljande adress: www.cnil.fr Att v\u00e4gra att installera en cookie kan g\u00f6ra det om\u00f6jligt att installera en cookie. tillg\u00e5ng till vissa tj\u00e4nster. Anv\u00e4ndaren kan dock konfigurera sin dator enligt f\u00f6ljande f\u00f6r att neka installation av cookies: Under Internet Explorer: flik verktyg \/ internetalternativ. Klicka p\u00e5 Sekretess och v\u00e4lj Blockera alla cookies. Validera p\u00e5 Ok. Under Netscape: fliken utg\u00e5va \/ inst\u00e4llningar. Klicka p\u00e5 Avancerat och v\u00e4lj Inaktivera cookies. Bekr\u00e4fta p\u00e5 Ok.<\/p>\n<p><strong>SKYDD AV EGENDOM OCH PERSONER \u2013 HANTERING AV PERSONUPPGIFTER<\/strong><\/p>\n<p>Anv\u00e4ndare: Internetanv\u00e4ndare som ansluter, anv\u00e4nder ovann\u00e4mnda webbplats: CouponGrizzly.com Artikel L. 226-13 i strafflagen och det europeiska direktivet av den 24 oktober 1995.<\/p>\n<p>P\u00e5 webbplatsen CouponGrizzly.com samlar webbplatsens \u00e4gare endast personlig information om anv\u00e4ndaren f\u00f6r behov av vissa tj\u00e4nster som erbjuds av webbplatsen CouponGrizzly.com. Anv\u00e4ndaren tillhandah\u00e5ller denna information med full kunskap om fakta, i synnerhet n\u00e4r han anger den sj\u00e4lv. Det specificeras sedan f\u00f6r anv\u00e4ndaren av webbplatsen CouponGrizzly.com skyldigheten eller inte att tillhandah\u00e5lla denna information. I enlighet med best\u00e4mmelserna i artiklarna 38 och f\u00f6ljande i lag 78-17 av den 6 januari 1978 om databehandling, filer och friheter, har varje anv\u00e4ndare r\u00e4tt till \u00e5tkomst, r\u00e4ttelse, radering och inv\u00e4ndning. F\u00f6r att ut\u00f6va denna r\u00e4tt, skicka din beg\u00e4ran till CouponGrizzly.com via e-post: webmasters e-post eller genom att g\u00f6ra en skriftlig och undertecknad beg\u00e4ran, \u00e5tf\u00f6ljd av en kopia av identitetshandlingen med underskrift av innehavaren av dokumentet, med angivande av adressen till vilken svaret borde skickas.<\/p>\n<p>Ingen personlig information om anv\u00e4ndaren av CouponGrizzly.com-webbplatsen publiceras utan anv\u00e4ndarens vetskap, utbyts, \u00f6verf\u00f6rs, tilldelas eller s\u00e4ljs p\u00e5 n\u00e5got medium till tredje part. Endast antagandet om inl\u00f6sen av webbplatsen CouponGrizzly.com fr\u00e5n \u00e4garen av webbplatsen och dess r\u00e4ttigheter skulle till\u00e5ta \u00f6verf\u00f6ring av n\u00e4mnda information till den potentiella k\u00f6paren som i sin tur skulle vara bunden av samma skyldighet att lagra och \u00e4ndra data med avseende p\u00e5 vis. av anv\u00e4ndaren av webbplatsen CouponGrizzly.com.<\/p>\n<p>Webbplatsen CouponGrizzly.com \u00e4r i enlighet med GDPR, se v\u00e5r GDPR-policy https:\/\/coupongrizzly.com\/fr\/politique-de-confidentialite\/.<\/p>\n<p>Databaserna skyddas av best\u00e4mmelserna i lagen av den 1 juli 1998 om inf\u00f6rlivande av direktiv 96\/9 av den 11 mars 1996 om r\u00e4ttsligt skydd f\u00f6r databaser.<\/p>\n","protected":false},"excerpt":{"rendered":"<p>R\u00c4TTSLIGT MEDDELANDE: I enlighet med best\u00e4mmelserna i artiklarna 6-III och 19 i lag nr 2004-575 av den 21 juni 2004 om f\u00f6rtroende f\u00f6r den digitala ekonomin, k\u00e4nd som L.C.E.N., uppm\u00e4rksammar vi anv\u00e4ndare och bes\u00f6kare p\u00e5 webbplatsen: CouponGrizzly. com f\u00f6ljande information: REDAKT\u00d6R Webbplatsen CouponGrizzly.com \u00e4r XYZEE TECHs exklusiva egendom, som publicerar den. XYZEE TECH Registrerad i [&hellip;]<\/p>\n","protected":false},"author":2,"featured_media":0,"parent":0,"menu_order":3,"comment_status":"closed","ping_status":"closed","template":"","meta":{"footnotes":""},"acf":[],"yoast_head":"<!-- This site is optimized with the Yoast SEO plugin v21.7 - https:\/\/yoast.com\/wordpress\/plugins\/seo\/ -->\n<title>Juridisk Information - Coupon Grizzly<\/title>\n<meta name=\"robots\" content=\"index, follow, max-snippet:-1, max-image-preview:large, max-video-preview:-1\" \/>\n<link rel=\"canonical\" href=\"https:\/\/coupongrizzly.com\/se\/juridisk-information\/\" \/>\n<meta property=\"og:locale\" content=\"en_US\" \/>\n<meta property=\"og:type\" content=\"article\" \/>\n<meta property=\"og:title\" content=\"Juridisk Information - Coupon Grizzly\" \/>\n<meta property=\"og:description\" content=\"R\u00c4TTSLIGT MEDDELANDE: I enlighet med best\u00e4mmelserna i artiklarna 6-III och 19 i lag nr 2004-575 av den 21 juni 2004 om f\u00f6rtroende f\u00f6r den digitala ekonomin, k\u00e4nd som L.C.E.N., uppm\u00e4rksammar vi anv\u00e4ndare och bes\u00f6kare p\u00e5 webbplatsen: CouponGrizzly. com f\u00f6ljande information: REDAKT\u00d6R Webbplatsen CouponGrizzly.com \u00e4r XYZEE TECHs exklusiva egendom, som publicerar den. XYZEE TECH Registrerad i [&hellip;]\" \/>\n<meta property=\"og:url\" content=\"https:\/\/coupongrizzly.com\/se\/juridisk-information\/\" \/>\n<meta property=\"og:site_name\" content=\"Coupon Grizzly\" \/>\n<meta property=\"article:modified_time\" content=\"2023-12-19T11:09:25+00:00\" \/>\n<meta name=\"twitter:card\" content=\"summary_large_image\" \/>\n<meta name=\"twitter:label1\" content=\"Est. reading time\" \/>\n\t<meta name=\"twitter:data1\" content=\"4 minutes\" \/>\n<script type=\"application\/ld+json\" class=\"yoast-schema-graph\">{\"@context\":\"https:\/\/schema.org\",\"@graph\":[{\"@type\":\"WebPage\",\"@id\":\"https:\/\/coupongrizzly.com\/se\/juridisk-information\/\",\"url\":\"https:\/\/coupongrizzly.com\/se\/juridisk-information\/\",\"name\":\"Juridisk Information - Coupon Grizzly\",\"isPartOf\":{\"@id\":\"https:\/\/coupongrizzly.com\/se\/#website\"},\"datePublished\":\"2023-06-26T07:05:35+00:00\",\"dateModified\":\"2023-12-19T11:09:25+00:00\",\"breadcrumb\":{\"@id\":\"https:\/\/coupongrizzly.com\/se\/juridisk-information\/#breadcrumb\"},\"inLanguage\":\"en-US\",\"potentialAction\":[{\"@type\":\"ReadAction\",\"target\":[\"https:\/\/coupongrizzly.com\/se\/juridisk-information\/\"]}]},{\"@type\":\"BreadcrumbList\",\"@id\":\"https:\/\/coupongrizzly.com\/se\/juridisk-information\/#breadcrumb\",\"itemListElement\":[{\"@type\":\"ListItem\",\"position\":1,\"name\":\"Home\",\"item\":\"https:\/\/coupongrizzly.com\/se\/\"},{\"@type\":\"ListItem\",\"position\":2,\"name\":\"Juridisk Information\"}]},{\"@type\":\"WebSite\",\"@id\":\"https:\/\/coupongrizzly.com\/se\/#website\",\"url\":\"https:\/\/coupongrizzly.com\/se\/\",\"name\":\"Coupon Grizzly\",\"description\":\"\",\"potentialAction\":[{\"@type\":\"SearchAction\",\"target\":{\"@type\":\"EntryPoint\",\"urlTemplate\":\"https:\/\/coupongrizzly.com\/se\/?s={search_term_string}\"},\"query-input\":\"required name=search_term_string\"}],\"inLanguage\":\"en-US\"}]}<\/script>\n<!-- \/ Yoast SEO plugin. -->","yoast_head_json":{"title":"Juridisk Information - Coupon Grizzly","robots":{"index":"index","follow":"follow","max-snippet":"max-snippet:-1","max-image-preview":"max-image-preview:large","max-video-preview":"max-video-preview:-1"},"canonical":"https:\/\/coupongrizzly.com\/se\/juridisk-information\/","og_locale":"en_US","og_type":"article","og_title":"Juridisk Information - Coupon Grizzly","og_description":"R\u00c4TTSLIGT MEDDELANDE: I enlighet med best\u00e4mmelserna i artiklarna 6-III och 19 i lag nr 2004-575 av den 21 juni 2004 om f\u00f6rtroende f\u00f6r den digitala ekonomin, k\u00e4nd som L.C.E.N., uppm\u00e4rksammar vi anv\u00e4ndare och bes\u00f6kare p\u00e5 webbplatsen: CouponGrizzly. com f\u00f6ljande information: REDAKT\u00d6R Webbplatsen CouponGrizzly.com \u00e4r XYZEE TECHs exklusiva egendom, som publicerar den. XYZEE TECH Registrerad i [&hellip;]","og_url":"https:\/\/coupongrizzly.com\/se\/juridisk-information\/","og_site_name":"Coupon Grizzly","article_modified_time":"2023-12-19T11:09:25+00:00","twitter_card":"summary_large_image","twitter_misc":{"Est. reading time":"4 minutes"},"schema":{"@context":"https:\/\/schema.org","@graph":[{"@type":"WebPage","@id":"https:\/\/coupongrizzly.com\/se\/juridisk-information\/","url":"https:\/\/coupongrizzly.com\/se\/juridisk-information\/","name":"Juridisk Information - Coupon Grizzly","isPartOf":{"@id":"https:\/\/coupongrizzly.com\/se\/#website"},"datePublished":"2023-06-26T07:05:35+00:00","dateModified":"2023-12-19T11:09:25+00:00","breadcrumb":{"@id":"https:\/\/coupongrizzly.com\/se\/juridisk-information\/#breadcrumb"},"inLanguage":"en-US","potentialAction":[{"@type":"ReadAction","target":["https:\/\/coupongrizzly.com\/se\/juridisk-information\/"]}]},{"@type":"BreadcrumbList","@id":"https:\/\/coupongrizzly.com\/se\/juridisk-information\/#breadcrumb","itemListElement":[{"@type":"ListItem","position":1,"name":"Home","item":"https:\/\/coupongrizzly.com\/se\/"},{"@type":"ListItem","position":2,"name":"Juridisk Information"}]},{"@type":"WebSite","@id":"https:\/\/coupongrizzly.com\/se\/#website","url":"https:\/\/coupongrizzly.com\/se\/","name":"Coupon Grizzly","description":"","potentialAction":[{"@type":"SearchAction","target":{"@type":"EntryPoint","urlTemplate":"https:\/\/coupongrizzly.com\/se\/?s={search_term_string}"},"query-input":"required name=search_term_string"}],"inLanguage":"en-US"}]}},"_links":{"self":[{"href":"https:\/\/coupongrizzly.com\/se\/wp-json\/wp\/v2\/pages\/3715"}],"collection":[{"href":"https:\/\/coupongrizzly.com\/se\/wp-json\/wp\/v2\/pages"}],"about":[{"href":"https:\/\/coupongrizzly.com\/se\/wp-json\/wp\/v2\/types\/page"}],"author":[{"embeddable":true,"href":"https:\/\/coupongrizzly.com\/se\/wp-json\/wp\/v2\/users\/2"}],"replies":[{"embeddable":true,"href":"https:\/\/coupongrizzly.com\/se\/wp-json\/wp\/v2\/comments?post=3715"}],"version-history":[{"count":2,"href":"https:\/\/coupongrizzly.com\/se\/wp-json\/wp\/v2\/pages\/3715\/revisions"}],"predecessor-version":[{"id":3949,"href":"https:\/\/coupongrizzly.com\/se\/wp-json\/wp\/v2\/pages\/3715\/revisions\/3949"}],"wp:attachment":[{"href":"https:\/\/coupongrizzly.com\/se\/wp-json\/wp\/v2\/media?parent=3715"}],"curies":[{"name":"wp","href":"https:\/\/api.w.org\/{rel}","templated":true}]}}