{"id":3718,"date":"2023-06-26T07:17:48","date_gmt":"2023-06-26T07:17:48","guid":{"rendered":"https:\/\/coupongrizzly.com\/se\/?page_id=3718"},"modified":"2023-06-26T07:17:48","modified_gmt":"2023-06-26T07:17:48","slug":"villkor","status":"publish","type":"page","link":"https:\/\/coupongrizzly.com\/se\/villkor\/","title":{"rendered":"Villkor"},"content":{"rendered":"<p><strong>Villkor:<\/strong><\/p>\n<p>De villkor som anges p\u00e5 denna sida reglerar anv\u00e4ndningen av tj\u00e4nsten CouponGrizzly SE (k\u00e4nd som &#8220;F\u00f6retag&#8221;, &#8220;Webbplats&#8221;, &#8220;Service&#8221;, &#8220;vi&#8221;, &#8220;oss&#8221; eller &#8220;v\u00e5r&#8221; i detta avtal). Genom att anv\u00e4nda v\u00e5r tj\u00e4nst bekr\u00e4ftar du att du har l\u00e4st, f\u00f6rst\u00e5tt och accepterat dessa villkor. Om du inte h\u00e5ller med villkoren, v\u00e4nligen sluta anv\u00e4nda v\u00e5r webbplats.<\/p>\n<p>Huvudspr\u00e5ket i villkoren \u00e4r engelska. Om CouponGrizzly SE tillhandah\u00e5ller en \u00f6vers\u00e4ttning av n\u00e5gon del av villkoren, samtycker du till att \u00f6vers\u00e4ttningen endast tillhandah\u00e5lls f\u00f6r din bekv\u00e4mlighet. Om det finns n\u00e5gon konflikt mellan den engelska versionen av villkoren och dess \u00f6vers\u00e4ttning kommer den engelska versionen att ha f\u00f6retr\u00e4de.<\/p>\n<p><strong>Finansieringsmeddelande:<\/strong><\/p>\n<p>All information p\u00e5 CouponGrizzly SE-webbplatsen \u00e4r helt gratis och anv\u00e4ndaren kommer aldrig att beh\u00f6va betala f\u00f6r att anv\u00e4nda tj\u00e4nsten. CouponGrizzly SE finansieras genom specialavtal med de f\u00f6retag som \u00e4r listade p\u00e5 webbplatsen.<\/p>\n<p>CouponGrizzly SE anv\u00e4nder affiliate-l\u00e4nkar, vilket inneb\u00e4r att vi f\u00e5r provision f\u00f6r kunder som klickar p\u00e5 v\u00e5ra partners webbplatser genom v\u00e5r tj\u00e4nst. Alla l\u00e4nkar p\u00e5 v\u00e5r webbplats som leder till f\u00f6rs\u00e4ljaren av en produkt eller tj\u00e4nst \u00e4r anslutna l\u00e4nkar. L\u00e4nkar \u00e4r ett s\u00e4tt att m\u00e4ta trafik som kommer fr\u00e5n oss och som v\u00e5r provision beror p\u00e5. Dessa l\u00e4nkar till\u00e5ter v\u00e5r tj\u00e4nst att fungera och f\u00f6rbli gratis.<\/p>\n<p><strong>Varning:<\/strong><\/p>\n<p>CouponGrizzly SE ansvarar inte f\u00f6r de avtal som anv\u00e4ndaren ing\u00e5r med tredje part, kvaliteten p\u00e5 varor och \/ eller tj\u00e4nster som tillhandah\u00e5lls av tredje part, inklusive f\u00f6retag, information om vilka presenteras p\u00e5 v\u00e5r webbplats.<\/p>\n<p>CouponGrizzly SE b\u00e4r inget ansvar f\u00f6r skador, ansvar eller tvist som kan uppst\u00e5 mellan s\u00e4ljare och \/ eller tj\u00e4nsteleverant\u00f6rer och anv\u00e4ndare av webbplatsen.<\/p>\n<p>CouponGrizzly SE kan inte beg\u00e4ra skadest\u00e5nd eller n\u00e5gon form av kompensation, och kan inte heller vara aktiv part avseende f\u00f6rluster och tvister som uppst\u00e5r mellan dig som konsument och ett f\u00f6retag, vars varor och \/ eller tj\u00e4nster du anv\u00e4nde genom att klicka p\u00e5 l\u00e4nken till v\u00e5r webbplats.<\/p>\n<p>CouponGrizzly SE ansvarar endast f\u00f6r inneh\u00e5llet som publiceras p\u00e5 webbplatsen. Observera att all information p\u00e5 v\u00e5r webbplats endast \u00e4r avsedd som information och referens. Vi arbetar st\u00e4ndigt med att uppdatera den tillg\u00e4ngliga informationen, men vi kan inte garantera att uppgifterna alltid \u00e4r korrekta.<\/p>\n<p><strong>Behandla personuppgifter:<\/strong><\/p>\n<p>CouponGrizzly SE behandlar personuppgifter genom EU:s allm\u00e4nna dataskyddsf\u00f6rordning (GDPR). L\u00e4s mer om v\u00e5r integritetspolicy om hur vi behandlar personuppgifter.<\/p>\n<p>Vi anv\u00e4nder cookies f\u00f6r att f\u00f6rb\u00e4ttra dina resultat. L\u00e4s mer om hur vi behandlar din personliga information i v\u00e5r cookiepolicy.<\/p>\n<p><strong>Dina r\u00e4ttigheter:<\/strong><\/p>\n<p>Som anv\u00e4ndare av CouponGrizzly SE har du r\u00e4tten att beg\u00e4ra f\u00f6rtydligande av den information som samlades in under din anv\u00e4ndning av v\u00e5r webbplats, samt att kr\u00e4va insyn i hur vi behandlar information. Du har ocks\u00e5 r\u00e4tt att kr\u00e4va korrigering, begr\u00e4nsning eller radering av uppgifter som mottagits fr\u00e5n dig i enlighet med &#8220;Personuppgiftslagen&#8221; och GDPR. Vid ol\u00f6sta problem har du r\u00e4tt att kontakta den nationella dataskyddsmyndigheten.<\/p>\n<p><strong>Upphovsr\u00e4ttsskydd:<\/strong><\/p>\n<p>All information som presenteras p\u00e5 webbplatsen CouponGrizzly SE \u00e4r tj\u00e4nstens immateriella \u00e4gander\u00e4tt och faller under lagstiftningen &#8220;Om upphovsr\u00e4tt&#8221;. Anv\u00e4ndaren \u00e4r f\u00f6rbjuden att anv\u00e4nda inneh\u00e5llet som publiceras p\u00e5 webbplatsen f\u00f6r att f\u00e5 f\u00f6rm\u00e5ner samt att utf\u00f6ra olagliga \u00e5tg\u00e4rder.<\/p>\n<p><strong>\u00c4ndringar av villkoren:<\/strong><\/p>\n<p>CouponGrizzly SE f\u00f6rbeh\u00e5ller sig r\u00e4tten att \u00e4ndra de allm\u00e4nna villkoren efter eget gottfinnande. D\u00e4rf\u00f6r rekommenderar vi att du granskar Villkoren regelbundet f\u00f6r att h\u00e5lla dig uppdaterad om aktuella villkor. Genom att forts\u00e4tta anv\u00e4nda tj\u00e4nsten accepterar du eventuella \u00e4ndringar i de aktuella villkoren.<\/p>\n","protected":false},"excerpt":{"rendered":"<p>Villkor: De villkor som anges p\u00e5 denna sida reglerar anv\u00e4ndningen av tj\u00e4nsten CouponGrizzly SE (k\u00e4nd som &#8220;F\u00f6retag&#8221;, &#8220;Webbplats&#8221;, &#8220;Service&#8221;, &#8220;vi&#8221;, &#8220;oss&#8221; eller &#8220;v\u00e5r&#8221; i detta avtal). Genom att anv\u00e4nda v\u00e5r tj\u00e4nst bekr\u00e4ftar du att du har l\u00e4st, f\u00f6rst\u00e5tt och accepterat dessa villkor. Om du inte h\u00e5ller med villkoren, v\u00e4nligen sluta anv\u00e4nda v\u00e5r webbplats. Huvudspr\u00e5ket i [&hellip;]<\/p>\n","protected":false},"author":2,"featured_media":0,"parent":0,"menu_order":2,"comment_status":"closed","ping_status":"closed","template":"","meta":{"footnotes":""},"acf":[],"yoast_head":"<!-- This site is optimized with the Yoast SEO plugin v21.7 - https:\/\/yoast.com\/wordpress\/plugins\/seo\/ -->\n<title>Villkor - Coupon Grizzly<\/title>\n<meta name=\"robots\" content=\"index, follow, max-snippet:-1, max-image-preview:large, max-video-preview:-1\" \/>\n<link rel=\"canonical\" href=\"https:\/\/coupongrizzly.com\/se\/villkor\/\" \/>\n<meta property=\"og:locale\" content=\"en_US\" \/>\n<meta property=\"og:type\" content=\"article\" \/>\n<meta property=\"og:title\" content=\"Villkor - Coupon Grizzly\" \/>\n<meta property=\"og:description\" content=\"Villkor: De villkor som anges p\u00e5 denna sida reglerar anv\u00e4ndningen av tj\u00e4nsten CouponGrizzly SE (k\u00e4nd som &#8220;F\u00f6retag&#8221;, &#8220;Webbplats&#8221;, &#8220;Service&#8221;, &#8220;vi&#8221;, &#8220;oss&#8221; eller &#8220;v\u00e5r&#8221; i detta avtal). Genom att anv\u00e4nda v\u00e5r tj\u00e4nst bekr\u00e4ftar du att du har l\u00e4st, f\u00f6rst\u00e5tt och accepterat dessa villkor. Om du inte h\u00e5ller med villkoren, v\u00e4nligen sluta anv\u00e4nda v\u00e5r webbplats. Huvudspr\u00e5ket i [&hellip;]\" \/>\n<meta property=\"og:url\" content=\"https:\/\/coupongrizzly.com\/se\/villkor\/\" \/>\n<meta property=\"og:site_name\" content=\"Coupon Grizzly\" \/>\n<meta name=\"twitter:card\" content=\"summary_large_image\" \/>\n<meta name=\"twitter:label1\" content=\"Est. reading time\" \/>\n\t<meta name=\"twitter:data1\" content=\"3 minutes\" \/>\n<script type=\"application\/ld+json\" class=\"yoast-schema-graph\">{\"@context\":\"https:\/\/schema.org\",\"@graph\":[{\"@type\":\"WebPage\",\"@id\":\"https:\/\/coupongrizzly.com\/se\/villkor\/\",\"url\":\"https:\/\/coupongrizzly.com\/se\/villkor\/\",\"name\":\"Villkor - Coupon Grizzly\",\"isPartOf\":{\"@id\":\"https:\/\/coupongrizzly.com\/se\/#website\"},\"datePublished\":\"2023-06-26T07:17:48+00:00\",\"dateModified\":\"2023-06-26T07:17:48+00:00\",\"breadcrumb\":{\"@id\":\"https:\/\/coupongrizzly.com\/se\/villkor\/#breadcrumb\"},\"inLanguage\":\"en-US\",\"potentialAction\":[{\"@type\":\"ReadAction\",\"target\":[\"https:\/\/coupongrizzly.com\/se\/villkor\/\"]}]},{\"@type\":\"BreadcrumbList\",\"@id\":\"https:\/\/coupongrizzly.com\/se\/villkor\/#breadcrumb\",\"itemListElement\":[{\"@type\":\"ListItem\",\"position\":1,\"name\":\"Home\",\"item\":\"https:\/\/coupongrizzly.com\/se\/\"},{\"@type\":\"ListItem\",\"position\":2,\"name\":\"Villkor\"}]},{\"@type\":\"WebSite\",\"@id\":\"https:\/\/coupongrizzly.com\/se\/#website\",\"url\":\"https:\/\/coupongrizzly.com\/se\/\",\"name\":\"Coupon Grizzly\",\"description\":\"\",\"potentialAction\":[{\"@type\":\"SearchAction\",\"target\":{\"@type\":\"EntryPoint\",\"urlTemplate\":\"https:\/\/coupongrizzly.com\/se\/?s={search_term_string}\"},\"query-input\":\"required name=search_term_string\"}],\"inLanguage\":\"en-US\"}]}<\/script>\n<!-- \/ Yoast SEO plugin. -->","yoast_head_json":{"title":"Villkor - Coupon Grizzly","robots":{"index":"index","follow":"follow","max-snippet":"max-snippet:-1","max-image-preview":"max-image-preview:large","max-video-preview":"max-video-preview:-1"},"canonical":"https:\/\/coupongrizzly.com\/se\/villkor\/","og_locale":"en_US","og_type":"article","og_title":"Villkor - Coupon Grizzly","og_description":"Villkor: De villkor som anges p\u00e5 denna sida reglerar anv\u00e4ndningen av tj\u00e4nsten CouponGrizzly SE (k\u00e4nd som &#8220;F\u00f6retag&#8221;, &#8220;Webbplats&#8221;, &#8220;Service&#8221;, &#8220;vi&#8221;, &#8220;oss&#8221; eller &#8220;v\u00e5r&#8221; i detta avtal). Genom att anv\u00e4nda v\u00e5r tj\u00e4nst bekr\u00e4ftar du att du har l\u00e4st, f\u00f6rst\u00e5tt och accepterat dessa villkor. Om du inte h\u00e5ller med villkoren, v\u00e4nligen sluta anv\u00e4nda v\u00e5r webbplats. Huvudspr\u00e5ket i [&hellip;]","og_url":"https:\/\/coupongrizzly.com\/se\/villkor\/","og_site_name":"Coupon Grizzly","twitter_card":"summary_large_image","twitter_misc":{"Est. reading time":"3 minutes"},"schema":{"@context":"https:\/\/schema.org","@graph":[{"@type":"WebPage","@id":"https:\/\/coupongrizzly.com\/se\/villkor\/","url":"https:\/\/coupongrizzly.com\/se\/villkor\/","name":"Villkor - Coupon Grizzly","isPartOf":{"@id":"https:\/\/coupongrizzly.com\/se\/#website"},"datePublished":"2023-06-26T07:17:48+00:00","dateModified":"2023-06-26T07:17:48+00:00","breadcrumb":{"@id":"https:\/\/coupongrizzly.com\/se\/villkor\/#breadcrumb"},"inLanguage":"en-US","potentialAction":[{"@type":"ReadAction","target":["https:\/\/coupongrizzly.com\/se\/villkor\/"]}]},{"@type":"BreadcrumbList","@id":"https:\/\/coupongrizzly.com\/se\/villkor\/#breadcrumb","itemListElement":[{"@type":"ListItem","position":1,"name":"Home","item":"https:\/\/coupongrizzly.com\/se\/"},{"@type":"ListItem","position":2,"name":"Villkor"}]},{"@type":"WebSite","@id":"https:\/\/coupongrizzly.com\/se\/#website","url":"https:\/\/coupongrizzly.com\/se\/","name":"Coupon Grizzly","description":"","potentialAction":[{"@type":"SearchAction","target":{"@type":"EntryPoint","urlTemplate":"https:\/\/coupongrizzly.com\/se\/?s={search_term_string}"},"query-input":"required name=search_term_string"}],"inLanguage":"en-US"}]}},"_links":{"self":[{"href":"https:\/\/coupongrizzly.com\/se\/wp-json\/wp\/v2\/pages\/3718"}],"collection":[{"href":"https:\/\/coupongrizzly.com\/se\/wp-json\/wp\/v2\/pages"}],"about":[{"href":"https:\/\/coupongrizzly.com\/se\/wp-json\/wp\/v2\/types\/page"}],"author":[{"embeddable":true,"href":"https:\/\/coupongrizzly.com\/se\/wp-json\/wp\/v2\/users\/2"}],"replies":[{"embeddable":true,"href":"https:\/\/coupongrizzly.com\/se\/wp-json\/wp\/v2\/comments?post=3718"}],"version-history":[{"count":1,"href":"https:\/\/coupongrizzly.com\/se\/wp-json\/wp\/v2\/pages\/3718\/revisions"}],"predecessor-version":[{"id":3719,"href":"https:\/\/coupongrizzly.com\/se\/wp-json\/wp\/v2\/pages\/3718\/revisions\/3719"}],"wp:attachment":[{"href":"https:\/\/coupongrizzly.com\/se\/wp-json\/wp\/v2\/media?parent=3718"}],"curies":[{"name":"wp","href":"https:\/\/api.w.org\/{rel}","templated":true}]}}