{"id":3720,"date":"2023-06-26T07:22:55","date_gmt":"2023-06-26T07:22:55","guid":{"rendered":"https:\/\/coupongrizzly.com\/se\/?page_id=3720"},"modified":"2023-06-26T07:22:55","modified_gmt":"2023-06-26T07:22:55","slug":"cookiepolicy","status":"publish","type":"page","link":"https:\/\/coupongrizzly.com\/se\/cookiepolicy\/","title":{"rendered":"Cookiepolicy"},"content":{"rendered":"<p><strong>Om cookies<\/strong><\/p>\n<p>CouponGrizzly SE anv\u00e4nder sig av s\u00e5 kallade cookies. Enligt lagen om elektronisk kommunikation ska alla som bes\u00f6ker en webbplats med cookies f\u00e5 information om:<\/p>\n<ul>\n<li>att webbplatsen inneh\u00e5ller cookies<\/li>\n<li>vad dessa cookies anv\u00e4nds till<\/li>\n<li>hur cookies kan undvikas<\/li>\n<\/ul>\n<p>P\u00e5 CouponGrizzly SE anv\u00e4nds cookies enbart i statistiksyfte f\u00f6r att fastst\u00e4lla antalet unika bes\u00f6kare, hur l\u00e4nge en bes\u00f6kare stannar p\u00e5 hemsidan, samt vilka sidor som bes\u00f6karen har bes\u00f6kt.<\/p>\n<p>Cookies anv\u00e4nds ocks\u00e5 av vissa av v\u00e5ra samarbetspartners f\u00f6r att kunna fastst\u00e4lla h\u00e4nvisad trafik, antal visningar och liknande information.<\/p>\n<p>Om du inte accepterar anv\u00e4ndning av cookies s\u00e5 kan du \u00e4ndra din webbl\u00e4sares inst\u00e4llningar till att ej ta emot dessa. Vi h\u00e4nvisar till respektive webbl\u00e4sares tillverkare f\u00f6r n\u00e4rmare instruktioner.<\/p>\n<p><strong>Vad \u00e4r Cookies<\/strong><\/p>\n<p>En cookie \u00e4r en liten textfil som webbplatsen du bes\u00f6ker sparar p\u00e5 din dator.<\/p>\n<p>Cookies anv\u00e4nds p\u00e5 m\u00e5nga webbplatser f\u00f6r att ge en bes\u00f6kare tillg\u00e5ng till olika funktioner. Informationen i cookien \u00e4r m\u00f6jlig att anv\u00e4nda f\u00f6r att delvis f\u00f6lja en anv\u00e4ndares surfande.<\/p>\n<p>Det finns tv\u00e5 typer av cookies.<\/p>\n<p>Den ena typen sparar en fil under en l\u00e4ngre tid p\u00e5 din dator. Den anv\u00e4nds till exempel vid funktioner som talar om vad som \u00e4r nytt sedan anv\u00e4ndaren senast bes\u00f6kte den aktuella webbplatsen.<\/p>\n<p>Den andra typen av cookies kallas sessionscookies. Under tiden du bes\u00f6ker en sida, lagras den h\u00e4r cookien tempor\u00e4rt i din dators minne exempelvis f\u00f6r att h\u00e5lla reda p\u00e5 vilket spr\u00e5k du har valt. Sessionscookies lagras inte under en l\u00e4ngre tid p\u00e5 din dator, utan f\u00f6rsvinner n\u00e4r du st\u00e4nger din webbl\u00e4sare.<\/p>\n","protected":false},"excerpt":{"rendered":"<p>Om cookies CouponGrizzly SE anv\u00e4nder sig av s\u00e5 kallade cookies. Enligt lagen om elektronisk kommunikation ska alla som bes\u00f6ker en webbplats med cookies f\u00e5 information om: att webbplatsen inneh\u00e5ller cookies vad dessa cookies anv\u00e4nds till hur cookies kan undvikas P\u00e5 CouponGrizzly SE anv\u00e4nds cookies enbart i statistiksyfte f\u00f6r att fastst\u00e4lla antalet unika bes\u00f6kare, hur l\u00e4nge [&hellip;]<\/p>\n","protected":false},"author":2,"featured_media":0,"parent":0,"menu_order":0,"comment_status":"closed","ping_status":"closed","template":"","meta":{"footnotes":""},"acf":[],"yoast_head":"<!-- This site is optimized with the Yoast SEO plugin v21.7 - https:\/\/yoast.com\/wordpress\/plugins\/seo\/ -->\n<title>Cookiepolicy - Coupon Grizzly<\/title>\n<meta name=\"robots\" content=\"index, follow, max-snippet:-1, max-image-preview:large, max-video-preview:-1\" \/>\n<link rel=\"canonical\" href=\"https:\/\/coupongrizzly.com\/se\/cookiepolicy\/\" \/>\n<meta property=\"og:locale\" content=\"en_US\" \/>\n<meta property=\"og:type\" content=\"article\" \/>\n<meta property=\"og:title\" content=\"Cookiepolicy - Coupon Grizzly\" \/>\n<meta property=\"og:description\" content=\"Om cookies CouponGrizzly SE anv\u00e4nder sig av s\u00e5 kallade cookies. Enligt lagen om elektronisk kommunikation ska alla som bes\u00f6ker en webbplats med cookies f\u00e5 information om: att webbplatsen inneh\u00e5ller cookies vad dessa cookies anv\u00e4nds till hur cookies kan undvikas P\u00e5 CouponGrizzly SE anv\u00e4nds cookies enbart i statistiksyfte f\u00f6r att fastst\u00e4lla antalet unika bes\u00f6kare, hur l\u00e4nge [&hellip;]\" \/>\n<meta property=\"og:url\" content=\"https:\/\/coupongrizzly.com\/se\/cookiepolicy\/\" \/>\n<meta property=\"og:site_name\" content=\"Coupon Grizzly\" \/>\n<meta name=\"twitter:card\" content=\"summary_large_image\" \/>\n<meta name=\"twitter:label1\" content=\"Est. reading time\" \/>\n\t<meta name=\"twitter:data1\" content=\"2 minutes\" \/>\n<script type=\"application\/ld+json\" class=\"yoast-schema-graph\">{\"@context\":\"https:\/\/schema.org\",\"@graph\":[{\"@type\":\"WebPage\",\"@id\":\"https:\/\/coupongrizzly.com\/se\/cookiepolicy\/\",\"url\":\"https:\/\/coupongrizzly.com\/se\/cookiepolicy\/\",\"name\":\"Cookiepolicy - Coupon Grizzly\",\"isPartOf\":{\"@id\":\"https:\/\/coupongrizzly.com\/se\/#website\"},\"datePublished\":\"2023-06-26T07:22:55+00:00\",\"dateModified\":\"2023-06-26T07:22:55+00:00\",\"breadcrumb\":{\"@id\":\"https:\/\/coupongrizzly.com\/se\/cookiepolicy\/#breadcrumb\"},\"inLanguage\":\"en-US\",\"potentialAction\":[{\"@type\":\"ReadAction\",\"target\":[\"https:\/\/coupongrizzly.com\/se\/cookiepolicy\/\"]}]},{\"@type\":\"BreadcrumbList\",\"@id\":\"https:\/\/coupongrizzly.com\/se\/cookiepolicy\/#breadcrumb\",\"itemListElement\":[{\"@type\":\"ListItem\",\"position\":1,\"name\":\"Home\",\"item\":\"https:\/\/coupongrizzly.com\/se\/\"},{\"@type\":\"ListItem\",\"position\":2,\"name\":\"Cookiepolicy\"}]},{\"@type\":\"WebSite\",\"@id\":\"https:\/\/coupongrizzly.com\/se\/#website\",\"url\":\"https:\/\/coupongrizzly.com\/se\/\",\"name\":\"Coupon Grizzly\",\"description\":\"\",\"potentialAction\":[{\"@type\":\"SearchAction\",\"target\":{\"@type\":\"EntryPoint\",\"urlTemplate\":\"https:\/\/coupongrizzly.com\/se\/?s={search_term_string}\"},\"query-input\":\"required name=search_term_string\"}],\"inLanguage\":\"en-US\"}]}<\/script>\n<!-- \/ Yoast SEO plugin. -->","yoast_head_json":{"title":"Cookiepolicy - Coupon Grizzly","robots":{"index":"index","follow":"follow","max-snippet":"max-snippet:-1","max-image-preview":"max-image-preview:large","max-video-preview":"max-video-preview:-1"},"canonical":"https:\/\/coupongrizzly.com\/se\/cookiepolicy\/","og_locale":"en_US","og_type":"article","og_title":"Cookiepolicy - Coupon Grizzly","og_description":"Om cookies CouponGrizzly SE anv\u00e4nder sig av s\u00e5 kallade cookies. Enligt lagen om elektronisk kommunikation ska alla som bes\u00f6ker en webbplats med cookies f\u00e5 information om: att webbplatsen inneh\u00e5ller cookies vad dessa cookies anv\u00e4nds till hur cookies kan undvikas P\u00e5 CouponGrizzly SE anv\u00e4nds cookies enbart i statistiksyfte f\u00f6r att fastst\u00e4lla antalet unika bes\u00f6kare, hur l\u00e4nge [&hellip;]","og_url":"https:\/\/coupongrizzly.com\/se\/cookiepolicy\/","og_site_name":"Coupon Grizzly","twitter_card":"summary_large_image","twitter_misc":{"Est. reading time":"2 minutes"},"schema":{"@context":"https:\/\/schema.org","@graph":[{"@type":"WebPage","@id":"https:\/\/coupongrizzly.com\/se\/cookiepolicy\/","url":"https:\/\/coupongrizzly.com\/se\/cookiepolicy\/","name":"Cookiepolicy - Coupon Grizzly","isPartOf":{"@id":"https:\/\/coupongrizzly.com\/se\/#website"},"datePublished":"2023-06-26T07:22:55+00:00","dateModified":"2023-06-26T07:22:55+00:00","breadcrumb":{"@id":"https:\/\/coupongrizzly.com\/se\/cookiepolicy\/#breadcrumb"},"inLanguage":"en-US","potentialAction":[{"@type":"ReadAction","target":["https:\/\/coupongrizzly.com\/se\/cookiepolicy\/"]}]},{"@type":"BreadcrumbList","@id":"https:\/\/coupongrizzly.com\/se\/cookiepolicy\/#breadcrumb","itemListElement":[{"@type":"ListItem","position":1,"name":"Home","item":"https:\/\/coupongrizzly.com\/se\/"},{"@type":"ListItem","position":2,"name":"Cookiepolicy"}]},{"@type":"WebSite","@id":"https:\/\/coupongrizzly.com\/se\/#website","url":"https:\/\/coupongrizzly.com\/se\/","name":"Coupon Grizzly","description":"","potentialAction":[{"@type":"SearchAction","target":{"@type":"EntryPoint","urlTemplate":"https:\/\/coupongrizzly.com\/se\/?s={search_term_string}"},"query-input":"required name=search_term_string"}],"inLanguage":"en-US"}]}},"_links":{"self":[{"href":"https:\/\/coupongrizzly.com\/se\/wp-json\/wp\/v2\/pages\/3720"}],"collection":[{"href":"https:\/\/coupongrizzly.com\/se\/wp-json\/wp\/v2\/pages"}],"about":[{"href":"https:\/\/coupongrizzly.com\/se\/wp-json\/wp\/v2\/types\/page"}],"author":[{"embeddable":true,"href":"https:\/\/coupongrizzly.com\/se\/wp-json\/wp\/v2\/users\/2"}],"replies":[{"embeddable":true,"href":"https:\/\/coupongrizzly.com\/se\/wp-json\/wp\/v2\/comments?post=3720"}],"version-history":[{"count":1,"href":"https:\/\/coupongrizzly.com\/se\/wp-json\/wp\/v2\/pages\/3720\/revisions"}],"predecessor-version":[{"id":3721,"href":"https:\/\/coupongrizzly.com\/se\/wp-json\/wp\/v2\/pages\/3720\/revisions\/3721"}],"wp:attachment":[{"href":"https:\/\/coupongrizzly.com\/se\/wp-json\/wp\/v2\/media?parent=3720"}],"curies":[{"name":"wp","href":"https:\/\/api.w.org\/{rel}","templated":true}]}}